{"id":8,"date":"2025-04-16T16:01:40","date_gmt":"2025-04-16T14:01:40","guid":{"rendered":"http:\/\/geurapz.cluster100.hosting.ovh.net\/?page_id=8"},"modified":"2025-06-10T09:36:08","modified_gmt":"2025-06-10T07:36:08","slug":"signature","status":"publish","type":"page","link":"https:\/\/www.signature87.com\/","title":{"rendered":"Accueil"},"content":{"rendered":"\t\t<div data-elementor-type=\"wp-page\" data-elementor-id=\"8\" class=\"elementor elementor-8\">\n\t\t\t\t<div class=\"elementor-element elementor-element-eb0732f e-con-full e-flex e-con e-parent\" data-id=\"eb0732f\" data-element_type=\"container\" data-e-type=\"container\" data-settings=\"{&quot;background_background&quot;:&quot;slideshow&quot;,&quot;background_slideshow_transition_duration&quot;:2500,&quot;background_slideshow_ken_burns&quot;:&quot;yes&quot;,&quot;background_slideshow_gallery&quot;:[{&quot;id&quot;:124,&quot;url&quot;:&quot;https:\\\/\\\/www.signature87.com\\\/wp-content\\\/uploads\\\/2025\\\/04\\\/IMG_3939-scaled.png&quot;},{&quot;id&quot;:155,&quot;url&quot;:&quot;https:\\\/\\\/www.signature87.com\\\/wp-content\\\/uploads\\\/2025\\\/04\\\/IMG_3900-scaled.png&quot;},{&quot;id&quot;:144,&quot;url&quot;:&quot;https:\\\/\\\/www.signature87.com\\\/wp-content\\\/uploads\\\/2025\\\/04\\\/IMG_3855-1-scaled.png&quot;},{&quot;id&quot;:150,&quot;url&quot;:&quot;https:\\\/\\\/www.signature87.com\\\/wp-content\\\/uploads\\\/2025\\\/04\\\/IMG_3920-scaled.png&quot;},{&quot;id&quot;:559,&quot;url&quot;:&quot;https:\\\/\\\/www.signature87.com\\\/wp-content\\\/uploads\\\/2025\\\/06\\\/IMG_39321ll-scaled.png&quot;}],&quot;background_slideshow_loop&quot;:&quot;yes&quot;,&quot;background_slideshow_slide_duration&quot;:5000,&quot;background_slideshow_slide_transition&quot;:&quot;fade&quot;,&quot;background_slideshow_ken_burns_zoom_direction&quot;:&quot;in&quot;}\">\n\t\t\t\t<div class=\"elementor-element elementor-element-bc00f6d elementor-widget elementor-widget-spacer\" data-id=\"bc00f6d\" data-element_type=\"widget\" data-e-type=\"widget\" data-widget_type=\"spacer.default\">\n\t\t\t\t<div class=\"elementor-widget-container\">\n\t\t\t\t\t\t\t<div class=\"elementor-spacer\">\n\t\t\t<div class=\"elementor-spacer-inner\"><\/div>\n\t\t<\/div>\n\t\t\t\t\t\t<\/div>\n\t\t\t\t<\/div>\n\t\t\t\t<div class=\"elementor-element elementor-element-955d8e5 elementor-widget__width-initial elementor-widget elementor-widget-image\" data-id=\"955d8e5\" data-element_type=\"widget\" data-e-type=\"widget\" data-widget_type=\"image.default\">\n\t\t\t\t<div class=\"elementor-widget-container\">\n\t\t\t\t\t\t\t\t\t\t\t\t\t\t\t<img fetchpriority=\"high\" decoding=\"async\" width=\"800\" height=\"257\" src=\"https:\/\/www.signature87.com\/wp-content\/uploads\/2025\/04\/LOGO-POUR-SITE-1024x329.png\" class=\"attachment-large size-large wp-image-110\" alt=\"\" srcset=\"https:\/\/www.signature87.com\/wp-content\/uploads\/2025\/04\/LOGO-POUR-SITE-1024x329.png 1024w, https:\/\/www.signature87.com\/wp-content\/uploads\/2025\/04\/LOGO-POUR-SITE-300x96.png 300w, https:\/\/www.signature87.com\/wp-content\/uploads\/2025\/04\/LOGO-POUR-SITE-768x247.png 768w, https:\/\/www.signature87.com\/wp-content\/uploads\/2025\/04\/LOGO-POUR-SITE-1536x493.png 1536w, https:\/\/www.signature87.com\/wp-content\/uploads\/2025\/04\/LOGO-POUR-SITE.png 1950w\" sizes=\"(max-width: 800px) 100vw, 800px\" \/>\t\t\t\t\t\t\t\t\t\t\t\t\t\t\t<\/div>\n\t\t\t\t<\/div>\n\t\t\t\t<div class=\"elementor-element elementor-element-ce3416f elementor-widget elementor-widget-image\" data-id=\"ce3416f\" data-element_type=\"widget\" data-e-type=\"widget\" data-widget_type=\"image.default\">\n\t\t\t\t<div class=\"elementor-widget-container\">\n\t\t\t\t\t\t\t\t\t\t\t\t\t\t\t<img decoding=\"async\" width=\"150\" height=\"150\" src=\"https:\/\/www.signature87.com\/wp-content\/uploads\/2025\/06\/logo-eco-responsable-150x150.png\" class=\"attachment-thumbnail size-thumbnail wp-image-569\" alt=\"\" srcset=\"https:\/\/www.signature87.com\/wp-content\/uploads\/2025\/06\/logo-eco-responsable-150x150.png 150w, https:\/\/www.signature87.com\/wp-content\/uploads\/2025\/06\/logo-eco-responsable-300x300.png 300w, https:\/\/www.signature87.com\/wp-content\/uploads\/2025\/06\/elementor\/thumbs\/logo-eco-responsable-r6pi1j2ul0bvmr8f7v6pwvgwbc87vwjv7x6ovxfp0w.png 88w, https:\/\/www.signature87.com\/wp-content\/uploads\/2025\/06\/logo-eco-responsable.png 398w\" sizes=\"(max-width: 150px) 100vw, 150px\" \/>\t\t\t\t\t\t\t\t\t\t\t\t\t\t\t<\/div>\n\t\t\t\t<\/div>\n\t\t\t\t<\/div>\n\t\t<div class=\"elementor-element elementor-element-42178fe e-flex e-con-boxed e-con e-parent\" data-id=\"42178fe\" data-element_type=\"container\" data-e-type=\"container\" data-settings=\"{&quot;background_background&quot;:&quot;classic&quot;}\">\n\t\t\t\t\t<div class=\"e-con-inner\">\n\t\t\t\t<div class=\"elementor-element elementor-element-f662e33 elementor-widget elementor-widget-spacer\" data-id=\"f662e33\" data-element_type=\"widget\" data-e-type=\"widget\" data-widget_type=\"spacer.default\">\n\t\t\t\t<div class=\"elementor-widget-container\">\n\t\t\t\t\t\t\t<div class=\"elementor-spacer\">\n\t\t\t<div class=\"elementor-spacer-inner\"><\/div>\n\t\t<\/div>\n\t\t\t\t\t\t<\/div>\n\t\t\t\t<\/div>\n\t\t\t\t<div class=\"elementor-element elementor-element-23d99ba elementor-widget elementor-widget-text-editor\" data-id=\"23d99ba\" data-element_type=\"widget\" data-e-type=\"widget\" data-widget_type=\"text-editor.default\">\n\t\t\t\t<div class=\"elementor-widget-container\">\n\t\t\t\t\t\t\t\t\t<p><span style=\"color: #000000;\">Boutique Signature, Limoges, 30 ann\u00e9es d&rsquo;existence et d&rsquo;excellence, c&rsquo;est la boutique incontournable du linge de maison !<\/span><\/p><p><span style=\"color: #000000;\">Chez Signature vous trouverez du linge de maison haut de gamme comme du linge de lit douillet, du linge de bain moelleux et du linge de table raffin\u00e9.<\/span><\/p><p><span style=\"color: #000000;\">Nous accordons une importance \u00e0 la s\u00e9lection de mati\u00e8res nobles et \u00e9co-responsables : <strong>lin<\/strong>, <strong>percale de coton<\/strong>, <strong>satin<\/strong>, <strong>nid d\u2019abeille<\/strong>, ou encore <strong>coton lav\u00e9<\/strong>. Chaque tissu est choisi pour sa qualit\u00e9, son confort et son impact r\u00e9duit sur l\u2019environnement.<\/span><\/p><p><span style=\"color: #000000;\">Les plus grandes marques de textile Fran\u00e7ais y sont r\u00e9unies : Yves Delorme, Olivier Desforges, Hugo Boss, Vivaraise, Sylvie Thiriez, Vent du Sud, Kenzo, Lacoste, Le Jacquard Fran\u00e7ais&#8230;.<\/span><\/p><p><span style=\"color: #000000;\">Vous y trouverez \u00e9galement tout une gamme d&rsquo;accessoires chic boh\u00e8me pour votre quotidien et d\u00e9coration et m\u00eame un espace pour b\u00e9b\u00e9.<\/span><\/p><p class=\"\" data-start=\"251\" data-end=\"382\"><span style=\"color: #000000;\">Vous pr\u00e9parez un mariage ou une naissance ? Pensez \u00e0 int\u00e9grer notre linge de maison dans votre liste de cadeaux !<\/span><\/p><p class=\"\" data-start=\"384\" data-end=\"653\"><span style=\"color: #000000;\">Offrez-vous (ou laissez-vous offrir !) des essentiels durables, \u00e9l\u00e9gants, et choisis avec soin pour accompagner vos premiers pas dans cette nouvelle aventure.<\/span><\/p><p><span style=\"color: #000000;\">Et le petit truc en plus&#8230; la personnalisation broderie de votre linge et \u00e9ponge.<\/span><\/p><p><span style=\"color: #000000;\">Que ce soit pour un cadeau unique, un \u00e9v\u00e8nement sp\u00e9cial ou simplement pour ajouter une touche personnelle \u00e0 votre int\u00e9rieur toute broderie s&rsquo;associera \u00e0 votre envie !<\/span><\/p><p><span style=\"color: #000000;\">Alors rendez-vous au 31 rue Adrien Dubouch\u00e9, Boutique Signature pour transformer votre maison en un v\u00e9ritable cocon de douceur et de style !<\/span><\/p>\t\t\t\t\t\t\t\t<\/div>\n\t\t\t\t<\/div>\n\t\t\t\t<div class=\"elementor-element elementor-element-05c283a elementor-widget elementor-widget-spacer\" data-id=\"05c283a\" data-element_type=\"widget\" data-e-type=\"widget\" data-widget_type=\"spacer.default\">\n\t\t\t\t<div class=\"elementor-widget-container\">\n\t\t\t\t\t\t\t<div class=\"elementor-spacer\">\n\t\t\t<div class=\"elementor-spacer-inner\"><\/div>\n\t\t<\/div>\n\t\t\t\t\t\t<\/div>\n\t\t\t\t<\/div>\n\t\t\t\t\t<\/div>\n\t\t\t\t<\/div>\n\t\t<div class=\"elementor-element elementor-element-86e4b37 e-flex e-con-boxed e-con e-parent\" data-id=\"86e4b37\" data-element_type=\"container\" data-e-type=\"container\" data-settings=\"{&quot;background_background&quot;:&quot;classic&quot;}\">\n\t\t\t\t\t<div class=\"e-con-inner\">\n\t\t\t\t<div class=\"elementor-element elementor-element-b7a38c8 elementor-widget__width-initial elementor-widget-mobile__width-initial elementor-arrows-position-inside elementor-pagination-position-outside elementor-widget elementor-widget-image-carousel\" data-id=\"b7a38c8\" data-element_type=\"widget\" data-e-type=\"widget\" data-settings=\"{&quot;slides_to_show&quot;:&quot;5&quot;,&quot;slides_to_show_mobile&quot;:&quot;2&quot;,&quot;slides_to_scroll&quot;:&quot;2&quot;,&quot;slides_to_scroll_mobile&quot;:&quot;2&quot;,&quot;autoplay_speed&quot;:4000,&quot;speed&quot;:2500,&quot;image_spacing_custom&quot;:{&quot;unit&quot;:&quot;px&quot;,&quot;size&quot;:100,&quot;sizes&quot;:[]},&quot;navigation&quot;:&quot;both&quot;,&quot;autoplay&quot;:&quot;yes&quot;,&quot;pause_on_hover&quot;:&quot;yes&quot;,&quot;pause_on_interaction&quot;:&quot;yes&quot;,&quot;infinite&quot;:&quot;yes&quot;,&quot;image_spacing_custom_tablet&quot;:{&quot;unit&quot;:&quot;px&quot;,&quot;size&quot;:&quot;&quot;,&quot;sizes&quot;:[]},&quot;image_spacing_custom_mobile&quot;:{&quot;unit&quot;:&quot;px&quot;,&quot;size&quot;:&quot;&quot;,&quot;sizes&quot;:[]}}\" data-widget_type=\"image-carousel.default\">\n\t\t\t\t<div class=\"elementor-widget-container\">\n\t\t\t\t\t\t\t<div class=\"elementor-image-carousel-wrapper swiper\" role=\"region\" aria-roledescription=\"carousel\" aria-label=\"Carrousel d\u2019images\" dir=\"ltr\">\n\t\t\t<div class=\"elementor-image-carousel swiper-wrapper\" aria-live=\"off\">\n\t\t\t\t\t\t\t\t<div class=\"swiper-slide\" role=\"group\" aria-roledescription=\"slide\" aria-label=\"1 sur 9\"><figure class=\"swiper-slide-inner\"><img decoding=\"async\" class=\"swiper-slide-image\" src=\"https:\/\/www.signature87.com\/wp-content\/uploads\/2025\/06\/Vivaraise_21.png\" alt=\"Vivaraise_21\" \/><\/figure><\/div><div class=\"swiper-slide\" role=\"group\" aria-roledescription=\"slide\" aria-label=\"2 sur 9\"><figure class=\"swiper-slide-inner\"><img decoding=\"async\" class=\"swiper-slide-image\" src=\"https:\/\/www.signature87.com\/wp-content\/uploads\/2025\/06\/THIRIEZ1.png\" alt=\"THIRIEZ1\" \/><\/figure><\/div><div class=\"swiper-slide\" role=\"group\" aria-roledescription=\"slide\" aria-label=\"3 sur 9\"><figure class=\"swiper-slide-inner\"><img decoding=\"async\" class=\"swiper-slide-image\" src=\"https:\/\/www.signature87.com\/wp-content\/uploads\/2025\/06\/vent-du-sud1.png\" alt=\"vent du sud1\" \/><\/figure><\/div><div class=\"swiper-slide\" role=\"group\" aria-roledescription=\"slide\" aria-label=\"4 sur 9\"><figure class=\"swiper-slide-inner\"><img decoding=\"async\" class=\"swiper-slide-image\" src=\"https:\/\/www.signature87.com\/wp-content\/uploads\/2025\/06\/KENZO1.png\" alt=\"KENZO1\" \/><\/figure><\/div><div class=\"swiper-slide\" role=\"group\" aria-roledescription=\"slide\" aria-label=\"5 sur 9\"><figure class=\"swiper-slide-inner\"><img decoding=\"async\" class=\"swiper-slide-image\" src=\"https:\/\/www.signature87.com\/wp-content\/uploads\/2025\/06\/Logo_Jacquard1.png\" alt=\"Logo_Jacquard1\" \/><\/figure><\/div><div class=\"swiper-slide\" role=\"group\" aria-roledescription=\"slide\" aria-label=\"6 sur 9\"><figure class=\"swiper-slide-inner\"><img decoding=\"async\" class=\"swiper-slide-image\" src=\"https:\/\/www.signature87.com\/wp-content\/uploads\/2025\/06\/DESGORGES1.png\" alt=\"DESGORGES1\" \/><\/figure><\/div><div class=\"swiper-slide\" role=\"group\" aria-roledescription=\"slide\" aria-label=\"7 sur 9\"><figure class=\"swiper-slide-inner\"><img decoding=\"async\" class=\"swiper-slide-image\" src=\"https:\/\/www.signature87.com\/wp-content\/uploads\/2025\/06\/HUGO-BOSS1.png\" alt=\"HUGO BOSS1\" \/><\/figure><\/div><div class=\"swiper-slide\" role=\"group\" aria-roledescription=\"slide\" aria-label=\"8 sur 9\"><figure class=\"swiper-slide-inner\"><img decoding=\"async\" class=\"swiper-slide-image\" src=\"https:\/\/www.signature87.com\/wp-content\/uploads\/2025\/06\/DELORME1.png\" alt=\"DELORME1\" \/><\/figure><\/div><div class=\"swiper-slide\" role=\"group\" aria-roledescription=\"slide\" aria-label=\"9 sur 9\"><figure class=\"swiper-slide-inner\"><img decoding=\"async\" class=\"swiper-slide-image\" src=\"https:\/\/www.signature87.com\/wp-content\/uploads\/2025\/06\/lacoste-logo-6b80-1024x1024.png\" alt=\"lacoste-logo-6b80\" \/><\/figure><\/div>\t\t\t<\/div>\n\t\t\t\t\t\t\t\t\t\t\t\t<div class=\"elementor-swiper-button elementor-swiper-button-prev\" role=\"button\" tabindex=\"0\">\n\t\t\t\t\t\t<svg aria-hidden=\"true\" class=\"e-font-icon-svg e-eicon-chevron-left\" viewBox=\"0 0 1000 1000\" xmlns=\"http:\/\/www.w3.org\/2000\/svg\"><path d=\"M646 125C629 125 613 133 604 142L308 442C296 454 292 471 292 487 292 504 296 521 308 533L604 854C617 867 629 875 646 875 663 875 679 871 692 858 704 846 713 829 713 812 713 796 708 779 692 767L438 487 692 225C700 217 708 204 708 187 708 171 704 154 692 142 675 129 663 125 646 125Z\"><\/path><\/svg>\t\t\t\t\t<\/div>\n\t\t\t\t\t<div class=\"elementor-swiper-button elementor-swiper-button-next\" role=\"button\" tabindex=\"0\">\n\t\t\t\t\t\t<svg aria-hidden=\"true\" class=\"e-font-icon-svg e-eicon-chevron-right\" viewBox=\"0 0 1000 1000\" xmlns=\"http:\/\/www.w3.org\/2000\/svg\"><path d=\"M696 533C708 521 713 504 713 487 713 471 708 454 696 446L400 146C388 133 375 125 354 125 338 125 325 129 313 142 300 154 292 171 292 187 292 204 296 221 308 233L563 492 304 771C292 783 288 800 288 817 288 833 296 850 308 863 321 871 338 875 354 875 371 875 388 867 400 854L696 533Z\"><\/path><\/svg>\t\t\t\t\t<\/div>\n\t\t\t\t\n\t\t\t\t\t\t\t\t\t<div class=\"swiper-pagination\"><\/div>\n\t\t\t\t\t\t\t\t\t<\/div>\n\t\t\t\t\t\t<\/div>\n\t\t\t\t<\/div>\n\t\t\t\t\t<\/div>\n\t\t\t\t<\/div>\n\t\t\t\t<\/div>\n\t\t","protected":false},"excerpt":{"rendered":"<p>Boutique Signature, Limoges, 30 ann\u00e9es d&rsquo;existence et d&rsquo;excellence, c&rsquo;est la boutique incontournable du linge de maison ! Chez Signature vous trouverez du linge de maison haut de gamme comme du linge de lit douillet, du linge de bain moelleux et du linge de table raffin\u00e9. Nous accordons une importance \u00e0 la s\u00e9lection de mati\u00e8res nobles [&hellip;]<\/p>\n","protected":false},"author":1,"featured_media":0,"parent":0,"menu_order":0,"comment_status":"closed","ping_status":"closed","template":"elementor_header_footer","meta":{"footnotes":""},"class_list":["post-8","page","type-page","status-publish","hentry"],"yoast_head":"<!-- This site is optimized with the Yoast SEO plugin v27.4 - https:\/\/yoast.com\/product\/yoast-seo-wordpress\/ -->\n<title>Accueil - Signature<\/title>\n<meta name=\"robots\" content=\"index, follow, max-snippet:-1, max-image-preview:large, max-video-preview:-1\" \/>\n<link rel=\"canonical\" href=\"https:\/\/www.signature87.com\/\" \/>\n<meta property=\"og:locale\" content=\"fr_FR\" \/>\n<meta property=\"og:type\" content=\"article\" \/>\n<meta property=\"og:title\" content=\"Accueil - Signature\" \/>\n<meta property=\"og:description\" content=\"Boutique Signature, Limoges, 30 ann\u00e9es d&rsquo;existence et d&rsquo;excellence, c&rsquo;est la boutique incontournable du linge de maison ! Chez Signature vous trouverez du linge de maison haut de gamme comme du linge de lit douillet, du linge de bain moelleux et du linge de table raffin\u00e9. Nous accordons une importance \u00e0 la s\u00e9lection de mati\u00e8res nobles [&hellip;]\" \/>\n<meta property=\"og:url\" content=\"https:\/\/www.signature87.com\/\" \/>\n<meta property=\"og:site_name\" content=\"Signature\" \/>\n<meta property=\"article:publisher\" content=\"https:\/\/www.facebook.com\/people\/Boutique-Signature\/100080640503254\/\" \/>\n<meta property=\"article:modified_time\" content=\"2025-06-10T07:36:08+00:00\" \/>\n<meta property=\"og:image\" content=\"https:\/\/www.signature87.com\/wp-content\/uploads\/2025\/04\/LOGO-POUR-SITE-1024x329.png\" \/>\n<meta name=\"twitter:card\" content=\"summary_large_image\" \/>\n<meta name=\"twitter:label1\" content=\"Dur\u00e9e de lecture estim\u00e9e\" \/>\n\t<meta name=\"twitter:data1\" content=\"6 minutes\" \/>\n<script type=\"application\/ld+json\" class=\"yoast-schema-graph\">{\"@context\":\"https:\\\/\\\/schema.org\",\"@graph\":[{\"@type\":\"WebPage\",\"@id\":\"https:\\\/\\\/www.signature87.com\\\/\",\"url\":\"https:\\\/\\\/www.signature87.com\\\/\",\"name\":\"Accueil - Signature\",\"isPartOf\":{\"@id\":\"https:\\\/\\\/www.signature87.com\\\/#website\"},\"primaryImageOfPage\":{\"@id\":\"https:\\\/\\\/www.signature87.com\\\/#primaryimage\"},\"image\":{\"@id\":\"https:\\\/\\\/www.signature87.com\\\/#primaryimage\"},\"thumbnailUrl\":\"http:\\\/\\\/www.signature87.com\\\/wp-content\\\/uploads\\\/2025\\\/04\\\/LOGO-POUR-SITE-1024x329.png\",\"datePublished\":\"2025-04-16T14:01:40+00:00\",\"dateModified\":\"2025-06-10T07:36:08+00:00\",\"breadcrumb\":{\"@id\":\"https:\\\/\\\/www.signature87.com\\\/#breadcrumb\"},\"inLanguage\":\"fr-FR\",\"potentialAction\":[{\"@type\":\"ReadAction\",\"target\":[\"https:\\\/\\\/www.signature87.com\\\/\"]}]},{\"@type\":\"ImageObject\",\"inLanguage\":\"fr-FR\",\"@id\":\"https:\\\/\\\/www.signature87.com\\\/#primaryimage\",\"url\":\"http:\\\/\\\/www.signature87.com\\\/wp-content\\\/uploads\\\/2025\\\/04\\\/LOGO-POUR-SITE-1024x329.png\",\"contentUrl\":\"http:\\\/\\\/www.signature87.com\\\/wp-content\\\/uploads\\\/2025\\\/04\\\/LOGO-POUR-SITE-1024x329.png\"},{\"@type\":\"BreadcrumbList\",\"@id\":\"https:\\\/\\\/www.signature87.com\\\/#breadcrumb\",\"itemListElement\":[{\"@type\":\"ListItem\",\"position\":1,\"name\":\"Accueil\",\"item\":\"https:\\\/\\\/www.signature87.com\\\/\"},{\"@type\":\"ListItem\",\"position\":2,\"name\":\"Accueil\"}]},{\"@type\":\"WebSite\",\"@id\":\"https:\\\/\\\/www.signature87.com\\\/#website\",\"url\":\"https:\\\/\\\/www.signature87.com\\\/\",\"name\":\"Signature 87\",\"description\":\"\",\"publisher\":{\"@id\":\"https:\\\/\\\/www.signature87.com\\\/#organization\"},\"potentialAction\":[{\"@type\":\"SearchAction\",\"target\":{\"@type\":\"EntryPoint\",\"urlTemplate\":\"https:\\\/\\\/www.signature87.com\\\/?s={search_term_string}\"},\"query-input\":{\"@type\":\"PropertyValueSpecification\",\"valueRequired\":true,\"valueName\":\"search_term_string\"}}],\"inLanguage\":\"fr-FR\"},{\"@type\":\"Organization\",\"@id\":\"https:\\\/\\\/www.signature87.com\\\/#organization\",\"name\":\"Signature 87\",\"url\":\"https:\\\/\\\/www.signature87.com\\\/\",\"logo\":{\"@type\":\"ImageObject\",\"inLanguage\":\"fr-FR\",\"@id\":\"https:\\\/\\\/www.signature87.com\\\/#\\\/schema\\\/logo\\\/image\\\/\",\"url\":\"https:\\\/\\\/www.signature87.com\\\/wp-content\\\/uploads\\\/2025\\\/04\\\/IMG_393jkoi2.png\",\"contentUrl\":\"https:\\\/\\\/www.signature87.com\\\/wp-content\\\/uploads\\\/2025\\\/04\\\/IMG_393jkoi2.png\",\"width\":1194,\"height\":630,\"caption\":\"Signature 87\"},\"image\":{\"@id\":\"https:\\\/\\\/www.signature87.com\\\/#\\\/schema\\\/logo\\\/image\\\/\"},\"sameAs\":[\"https:\\\/\\\/www.facebook.com\\\/people\\\/Boutique-Signature\\\/100080640503254\\\/\",\"https:\\\/\\\/www.instagram.com\\\/lacasaabuelita\\\/\"]}]}<\/script>\n<!-- \/ Yoast SEO plugin. -->","yoast_head_json":{"title":"Accueil - Signature","robots":{"index":"index","follow":"follow","max-snippet":"max-snippet:-1","max-image-preview":"max-image-preview:large","max-video-preview":"max-video-preview:-1"},"canonical":"https:\/\/www.signature87.com\/","og_locale":"fr_FR","og_type":"article","og_title":"Accueil - Signature","og_description":"Boutique Signature, Limoges, 30 ann\u00e9es d&rsquo;existence et d&rsquo;excellence, c&rsquo;est la boutique incontournable du linge de maison ! Chez Signature vous trouverez du linge de maison haut de gamme comme du linge de lit douillet, du linge de bain moelleux et du linge de table raffin\u00e9. Nous accordons une importance \u00e0 la s\u00e9lection de mati\u00e8res nobles [&hellip;]","og_url":"https:\/\/www.signature87.com\/","og_site_name":"Signature","article_publisher":"https:\/\/www.facebook.com\/people\/Boutique-Signature\/100080640503254\/","article_modified_time":"2025-06-10T07:36:08+00:00","og_image":[{"url":"https:\/\/www.signature87.com\/wp-content\/uploads\/2025\/04\/LOGO-POUR-SITE-1024x329.png","type":"","width":"","height":""}],"twitter_card":"summary_large_image","twitter_misc":{"Dur\u00e9e de lecture estim\u00e9e":"6 minutes"},"schema":{"@context":"https:\/\/schema.org","@graph":[{"@type":"WebPage","@id":"https:\/\/www.signature87.com\/","url":"https:\/\/www.signature87.com\/","name":"Accueil - Signature","isPartOf":{"@id":"https:\/\/www.signature87.com\/#website"},"primaryImageOfPage":{"@id":"https:\/\/www.signature87.com\/#primaryimage"},"image":{"@id":"https:\/\/www.signature87.com\/#primaryimage"},"thumbnailUrl":"https:\/\/www.signature87.com\/wp-content\/uploads\/2025\/04\/LOGO-POUR-SITE-1024x329.png","datePublished":"2025-04-16T14:01:40+00:00","dateModified":"2025-06-10T07:36:08+00:00","breadcrumb":{"@id":"https:\/\/www.signature87.com\/#breadcrumb"},"inLanguage":"fr-FR","potentialAction":[{"@type":"ReadAction","target":["https:\/\/www.signature87.com\/"]}]},{"@type":"ImageObject","inLanguage":"fr-FR","@id":"https:\/\/www.signature87.com\/#primaryimage","url":"https:\/\/www.signature87.com\/wp-content\/uploads\/2025\/04\/LOGO-POUR-SITE-1024x329.png","contentUrl":"https:\/\/www.signature87.com\/wp-content\/uploads\/2025\/04\/LOGO-POUR-SITE-1024x329.png"},{"@type":"BreadcrumbList","@id":"https:\/\/www.signature87.com\/#breadcrumb","itemListElement":[{"@type":"ListItem","position":1,"name":"Accueil","item":"https:\/\/www.signature87.com\/"},{"@type":"ListItem","position":2,"name":"Accueil"}]},{"@type":"WebSite","@id":"https:\/\/www.signature87.com\/#website","url":"https:\/\/www.signature87.com\/","name":"Signature 87","description":"","publisher":{"@id":"https:\/\/www.signature87.com\/#organization"},"potentialAction":[{"@type":"SearchAction","target":{"@type":"EntryPoint","urlTemplate":"https:\/\/www.signature87.com\/?s={search_term_string}"},"query-input":{"@type":"PropertyValueSpecification","valueRequired":true,"valueName":"search_term_string"}}],"inLanguage":"fr-FR"},{"@type":"Organization","@id":"https:\/\/www.signature87.com\/#organization","name":"Signature 87","url":"https:\/\/www.signature87.com\/","logo":{"@type":"ImageObject","inLanguage":"fr-FR","@id":"https:\/\/www.signature87.com\/#\/schema\/logo\/image\/","url":"https:\/\/www.signature87.com\/wp-content\/uploads\/2025\/04\/IMG_393jkoi2.png","contentUrl":"https:\/\/www.signature87.com\/wp-content\/uploads\/2025\/04\/IMG_393jkoi2.png","width":1194,"height":630,"caption":"Signature 87"},"image":{"@id":"https:\/\/www.signature87.com\/#\/schema\/logo\/image\/"},"sameAs":["https:\/\/www.facebook.com\/people\/Boutique-Signature\/100080640503254\/","https:\/\/www.instagram.com\/lacasaabuelita\/"]}]}},"_links":{"self":[{"href":"https:\/\/www.signature87.com\/index.php\/wp-json\/wp\/v2\/pages\/8","targetHints":{"allow":["GET"]}}],"collection":[{"href":"https:\/\/www.signature87.com\/index.php\/wp-json\/wp\/v2\/pages"}],"about":[{"href":"https:\/\/www.signature87.com\/index.php\/wp-json\/wp\/v2\/types\/page"}],"author":[{"embeddable":true,"href":"https:\/\/www.signature87.com\/index.php\/wp-json\/wp\/v2\/users\/1"}],"replies":[{"embeddable":true,"href":"https:\/\/www.signature87.com\/index.php\/wp-json\/wp\/v2\/comments?post=8"}],"version-history":[{"count":22,"href":"https:\/\/www.signature87.com\/index.php\/wp-json\/wp\/v2\/pages\/8\/revisions"}],"predecessor-version":[{"id":1017,"href":"https:\/\/www.signature87.com\/index.php\/wp-json\/wp\/v2\/pages\/8\/revisions\/1017"}],"wp:attachment":[{"href":"https:\/\/www.signature87.com\/index.php\/wp-json\/wp\/v2\/media?parent=8"}],"curies":[{"name":"wp","href":"https:\/\/api.w.org\/{rel}","templated":true}]}}