{"id":421,"date":"2025-05-21T15:50:50","date_gmt":"2025-05-21T13:50:50","guid":{"rendered":"http:\/\/geurapz.cluster100.hosting.ovh.net\/?page_id=421"},"modified":"2025-06-05T15:16:42","modified_gmt":"2025-06-05T13:16:42","slug":"contact","status":"publish","type":"page","link":"https:\/\/www.signature87.com\/index.php\/contact\/","title":{"rendered":"Contact"},"content":{"rendered":"\t\t<div data-elementor-type=\"wp-page\" data-elementor-id=\"421\" class=\"elementor elementor-421\">\n\t\t\t\t<div class=\"elementor-element elementor-element-c2cc7d7 e-flex e-con-boxed e-con e-parent\" data-id=\"c2cc7d7\" data-element_type=\"container\" data-e-type=\"container\">\n\t\t\t\t\t<div class=\"e-con-inner\">\n\t\t\t\t<div class=\"elementor-element elementor-element-3497a85 elementor-hidden-mobile elementor-widget elementor-widget-spacer\" data-id=\"3497a85\" data-element_type=\"widget\" data-e-type=\"widget\" data-widget_type=\"spacer.default\">\n\t\t\t\t<div class=\"elementor-widget-container\">\n\t\t\t\t\t\t\t<div class=\"elementor-spacer\">\n\t\t\t<div class=\"elementor-spacer-inner\"><\/div>\n\t\t<\/div>\n\t\t\t\t\t\t<\/div>\n\t\t\t\t<\/div>\n\t\t\t\t<div class=\"elementor-element elementor-element-86e0752 elementor-widget elementor-widget-heading\" data-id=\"86e0752\" data-element_type=\"widget\" data-e-type=\"widget\" data-widget_type=\"heading.default\">\n\t\t\t\t<div class=\"elementor-widget-container\">\n\t\t\t\t\t<h2 class=\"elementor-heading-title elementor-size-default\">Contactez-nous<\/h2>\t\t\t\t<\/div>\n\t\t\t\t<\/div>\n\t\t\t\t<div class=\"elementor-element elementor-element-c181453 elementor-hidden-mobile elementor-widget elementor-widget-spacer\" data-id=\"c181453\" data-element_type=\"widget\" data-e-type=\"widget\" data-widget_type=\"spacer.default\">\n\t\t\t\t<div class=\"elementor-widget-container\">\n\t\t\t\t\t\t\t<div class=\"elementor-spacer\">\n\t\t\t<div class=\"elementor-spacer-inner\"><\/div>\n\t\t<\/div>\n\t\t\t\t\t\t<\/div>\n\t\t\t\t<\/div>\n\t\t\t\t\t<\/div>\n\t\t\t\t<\/div>\n\t\t<div class=\"elementor-element elementor-element-0328656 e-con-full e-flex e-con e-parent\" data-id=\"0328656\" data-element_type=\"container\" data-e-type=\"container\" data-settings=\"{&quot;background_background&quot;:&quot;classic&quot;}\">\n\t\t<div class=\"elementor-element elementor-element-93e34ff e-con-full e-flex e-con e-child\" data-id=\"93e34ff\" data-element_type=\"container\" data-e-type=\"container\" data-settings=\"{&quot;background_background&quot;:&quot;slideshow&quot;,&quot;background_slideshow_transition_duration&quot;:1500,&quot;background_slideshow_ken_burns&quot;:&quot;yes&quot;,&quot;background_slideshow_gallery&quot;:[],&quot;background_slideshow_loop&quot;:&quot;yes&quot;,&quot;background_slideshow_slide_duration&quot;:5000,&quot;background_slideshow_slide_transition&quot;:&quot;fade&quot;,&quot;background_slideshow_ken_burns_zoom_direction&quot;:&quot;in&quot;}\">\n\t\t\t\t<div class=\"elementor-element elementor-element-30b76bb elementor-widget__width-initial elementor-widget elementor-widget-text-editor\" data-id=\"30b76bb\" data-element_type=\"widget\" data-e-type=\"widget\" data-widget_type=\"text-editor.default\">\n\t\t\t\t<div class=\"elementor-widget-container\">\n\t\t\t\t\t\t\t\t\t<p class=\"\" data-start=\"97\" data-end=\"373\"><span style=\"color: #000000;\"><strong>Une question, un besoin particulier, ou simplement envie d\u2019en savoir plus ?<\/strong><\/span><\/p><p class=\"\" data-start=\"97\" data-end=\"373\"><span style=\"color: #000000;\">Nous serons ravis de vous accompagner.<\/span><br data-start=\"217\" data-end=\"220\" \/><span style=\"color: #000000;\">N\u2019h\u00e9sitez pas \u00e0 remplir le formulaire de contact ci-contre : je vous r\u00e9pondrai dans les meilleurs d\u00e9lais avec professionnalisme et attention.<\/span><\/p><p class=\"\" data-start=\"375\" data-end=\"444\"><span style=\"color: #000000;\"><strong data-start=\"378\" data-end=\"444\">Votre message est important \u2014 prenons contact d\u00e8s aujourd\u2019hui.<\/strong><\/span><\/p>\t\t\t\t\t\t\t\t<\/div>\n\t\t\t\t<\/div>\n\t\t\t\t<\/div>\n\t\t<div class=\"elementor-element elementor-element-38be746 e-con-full e-flex e-con e-child\" data-id=\"38be746\" data-element_type=\"container\" data-e-type=\"container\" data-settings=\"{&quot;background_background&quot;:&quot;slideshow&quot;,&quot;background_slideshow_gallery&quot;:[{&quot;id&quot;:144,&quot;url&quot;:&quot;https:\\\/\\\/www.signature87.com\\\/wp-content\\\/uploads\\\/2025\\\/04\\\/IMG_3855-1-scaled.png&quot;},{&quot;id&quot;:147,&quot;url&quot;:&quot;https:\\\/\\\/www.signature87.com\\\/wp-content\\\/uploads\\\/2025\\\/04\\\/IMG_3893-scaled.png&quot;},{&quot;id&quot;:107,&quot;url&quot;:&quot;https:\\\/\\\/www.signature87.com\\\/wp-content\\\/uploads\\\/2025\\\/04\\\/IMG_3854-scaled.png&quot;},{&quot;id&quot;:112,&quot;url&quot;:&quot;https:\\\/\\\/www.signature87.com\\\/wp-content\\\/uploads\\\/2025\\\/04\\\/IMG_3916-scaled.png&quot;},{&quot;id&quot;:235,&quot;url&quot;:&quot;https:\\\/\\\/www.signature87.com\\\/wp-content\\\/uploads\\\/2025\\\/04\\\/IMG_pl3884.png&quot;}],&quot;background_slideshow_slide_duration&quot;:4000,&quot;background_slideshow_transition_duration&quot;:4000,&quot;background_slideshow_ken_burns&quot;:&quot;yes&quot;,&quot;background_slideshow_loop&quot;:&quot;yes&quot;,&quot;background_slideshow_slide_transition&quot;:&quot;fade&quot;,&quot;background_slideshow_ken_burns_zoom_direction&quot;:&quot;in&quot;}\">\n\t\t\t\t<div class=\"elementor-element elementor-element-99f8099 elementor-widget elementor-widget-elementskit-contact-form7\" data-id=\"99f8099\" data-element_type=\"widget\" data-e-type=\"widget\" data-widget_type=\"elementskit-contact-form7.default\">\n\t\t\t\t<div class=\"elementor-widget-container\">\n\t\t\t\t\t<div class=\"ekit-wid-con\" ><div class=\"ekit-form\">\n<div class=\"wpcf7 no-js\" id=\"wpcf7-f893-p421-o1\" lang=\"fr-FR\" dir=\"ltr\" data-wpcf7-id=\"893\">\n<div class=\"screen-reader-response\"><p role=\"status\" aria-live=\"polite\" aria-atomic=\"true\"><\/p> <ul><\/ul><\/div>\n<form action=\"\/index.php\/contact\/#wpcf7-f893-p421-o1\" method=\"post\" class=\"wpcf7-form init\" aria-label=\"Formulaire de contact\" novalidate=\"novalidate\" data-status=\"init\">\n<fieldset class=\"hidden-fields-container\"><input type=\"hidden\" name=\"_wpcf7\" value=\"893\" \/><input type=\"hidden\" name=\"_wpcf7_version\" value=\"6.1.5\" \/><input type=\"hidden\" name=\"_wpcf7_locale\" value=\"fr_FR\" \/><input type=\"hidden\" name=\"_wpcf7_unit_tag\" value=\"wpcf7-f893-p421-o1\" \/><input type=\"hidden\" name=\"_wpcf7_container_post\" value=\"421\" \/><input type=\"hidden\" name=\"_wpcf7_posted_data_hash\" value=\"\" \/>\n<\/fieldset>\n<p><label> Votre nom<br \/>\n<span class=\"wpcf7-form-control-wrap\" data-name=\"your-name\"><input size=\"40\" maxlength=\"400\" class=\"wpcf7-form-control wpcf7-text wpcf7-validates-as-required\" autocomplete=\"name\" aria-required=\"true\" aria-invalid=\"false\" value=\"\" type=\"text\" name=\"your-name\" \/><\/span> <\/label>\n<\/p>\n<p><label> Votre e-mail<br \/>\n<span class=\"wpcf7-form-control-wrap\" data-name=\"your-email\"><input size=\"40\" maxlength=\"400\" class=\"wpcf7-form-control wpcf7-email wpcf7-validates-as-required wpcf7-text wpcf7-validates-as-email\" autocomplete=\"email\" aria-required=\"true\" aria-invalid=\"false\" value=\"\" type=\"email\" name=\"your-email\" \/><\/span> <\/label>\n<\/p>\n<p><label> Votre message<br \/>\n<span class=\"wpcf7-form-control-wrap\" data-name=\"your-message\"><textarea cols=\"40\" rows=\"10\" maxlength=\"2000\" class=\"wpcf7-form-control wpcf7-textarea\" aria-invalid=\"false\" name=\"your-message\"><\/textarea><\/span> <\/label>\n<\/p>\n<p><input class=\"wpcf7-form-control wpcf7-submit has-spinner\" type=\"submit\" value=\"Envoyer\" \/>\n<\/p><p style=\"display: none !important;\" class=\"akismet-fields-container\" data-prefix=\"_wpcf7_ak_\"><label>&#916;<textarea name=\"_wpcf7_ak_hp_textarea\" cols=\"45\" rows=\"8\" maxlength=\"100\"><\/textarea><\/label><input type=\"hidden\" id=\"ak_js_1\" name=\"_wpcf7_ak_js\" value=\"100\"\/><script>\ndocument.getElementById( \"ak_js_1\" ).setAttribute( \"value\", ( new Date() ).getTime() );\n<\/script>\n<\/p><div class=\"wpcf7-response-output\" aria-hidden=\"true\"><\/div>\n<\/form>\n<\/div>\n<\/div><\/div>\t\t\t\t<\/div>\n\t\t\t\t<\/div>\n\t\t\t\t<\/div>\n\t\t\t\t<\/div>\n\t\t<div class=\"elementor-element elementor-element-8917109 e-con-full e-flex e-con e-parent\" data-id=\"8917109\" data-element_type=\"container\" data-e-type=\"container\">\n\t\t<div class=\"elementor-element elementor-element-35bedf6 e-con-full e-flex e-con e-child\" data-id=\"35bedf6\" data-element_type=\"container\" data-e-type=\"container\" data-settings=\"{&quot;background_background&quot;:&quot;classic&quot;}\">\n\t\t\t\t<div class=\"elementor-element elementor-element-fd7b87f elementor-hidden-mobile elementor-widget elementor-widget-spacer\" data-id=\"fd7b87f\" data-element_type=\"widget\" data-e-type=\"widget\" data-widget_type=\"spacer.default\">\n\t\t\t\t<div class=\"elementor-widget-container\">\n\t\t\t\t\t\t\t<div class=\"elementor-spacer\">\n\t\t\t<div class=\"elementor-spacer-inner\"><\/div>\n\t\t<\/div>\n\t\t\t\t\t\t<\/div>\n\t\t\t\t<\/div>\n\t\t\t\t<div class=\"elementor-element elementor-element-a597d09 elementor-shape-rounded elementor-grid-0 e-grid-align-center elementor-widget elementor-widget-social-icons\" data-id=\"a597d09\" data-element_type=\"widget\" data-e-type=\"widget\" data-widget_type=\"social-icons.default\">\n\t\t\t\t<div class=\"elementor-widget-container\">\n\t\t\t\t\t\t\t<div class=\"elementor-social-icons-wrapper elementor-grid\" role=\"list\">\n\t\t\t\t\t\t\t<span class=\"elementor-grid-item\" role=\"listitem\">\n\t\t\t\t\t<a class=\"elementor-icon elementor-social-icon elementor-social-icon-facebook elementor-repeater-item-8edab1e\" href=\"https:\/\/www.facebook.com\/profile.php?id=100080640503254\" target=\"_blank\">\n\t\t\t\t\t\t<span class=\"elementor-screen-only\">Facebook<\/span>\n\t\t\t\t\t\t<svg aria-hidden=\"true\" class=\"e-font-icon-svg e-fab-facebook\" viewBox=\"0 0 512 512\" xmlns=\"http:\/\/www.w3.org\/2000\/svg\"><path d=\"M504 256C504 119 393 8 256 8S8 119 8 256c0 123.78 90.69 226.38 209.25 245V327.69h-63V256h63v-54.64c0-62.15 37-96.48 93.67-96.48 27.14 0 55.52 4.84 55.52 4.84v61h-31.28c-30.8 0-40.41 19.12-40.41 38.73V256h68.78l-11 71.69h-57.78V501C413.31 482.38 504 379.78 504 256z\"><\/path><\/svg>\t\t\t\t\t<\/a>\n\t\t\t\t<\/span>\n\t\t\t\t\t\t\t<span class=\"elementor-grid-item\" role=\"listitem\">\n\t\t\t\t\t<a class=\"elementor-icon elementor-social-icon elementor-social-icon-instagram elementor-repeater-item-d329fcb\" href=\"https:\/\/www.instagram.com\/lacasaabuelita\/\" target=\"_blank\">\n\t\t\t\t\t\t<span class=\"elementor-screen-only\">Instagram<\/span>\n\t\t\t\t\t\t<svg aria-hidden=\"true\" class=\"e-font-icon-svg e-fab-instagram\" viewBox=\"0 0 448 512\" xmlns=\"http:\/\/www.w3.org\/2000\/svg\"><path d=\"M224.1 141c-63.6 0-114.9 51.3-114.9 114.9s51.3 114.9 114.9 114.9S339 319.5 339 255.9 287.7 141 224.1 141zm0 189.6c-41.1 0-74.7-33.5-74.7-74.7s33.5-74.7 74.7-74.7 74.7 33.5 74.7 74.7-33.6 74.7-74.7 74.7zm146.4-194.3c0 14.9-12 26.8-26.8 26.8-14.9 0-26.8-12-26.8-26.8s12-26.8 26.8-26.8 26.8 12 26.8 26.8zm76.1 27.2c-1.7-35.9-9.9-67.7-36.2-93.9-26.2-26.2-58-34.4-93.9-36.2-37-2.1-147.9-2.1-184.9 0-35.8 1.7-67.6 9.9-93.9 36.1s-34.4 58-36.2 93.9c-2.1 37-2.1 147.9 0 184.9 1.7 35.9 9.9 67.7 36.2 93.9s58 34.4 93.9 36.2c37 2.1 147.9 2.1 184.9 0 35.9-1.7 67.7-9.9 93.9-36.2 26.2-26.2 34.4-58 36.2-93.9 2.1-37 2.1-147.8 0-184.8zM398.8 388c-7.8 19.6-22.9 34.7-42.6 42.6-29.5 11.7-99.5 9-132.1 9s-102.7 2.6-132.1-9c-19.6-7.8-34.7-22.9-42.6-42.6-11.7-29.5-9-99.5-9-132.1s-2.6-102.7 9-132.1c7.8-19.6 22.9-34.7 42.6-42.6 29.5-11.7 99.5-9 132.1-9s102.7-2.6 132.1 9c19.6 7.8 34.7 22.9 42.6 42.6 11.7 29.5 9 99.5 9 132.1s2.7 102.7-9 132.1z\"><\/path><\/svg>\t\t\t\t\t<\/a>\n\t\t\t\t<\/span>\n\t\t\t\t\t<\/div>\n\t\t\t\t\t\t<\/div>\n\t\t\t\t<\/div>\n\t\t\t\t<div class=\"elementor-element elementor-element-c2aac9b elementor-hidden-mobile elementor-widget elementor-widget-spacer\" data-id=\"c2aac9b\" data-element_type=\"widget\" data-e-type=\"widget\" data-widget_type=\"spacer.default\">\n\t\t\t\t<div class=\"elementor-widget-container\">\n\t\t\t\t\t\t\t<div class=\"elementor-spacer\">\n\t\t\t<div class=\"elementor-spacer-inner\"><\/div>\n\t\t<\/div>\n\t\t\t\t\t\t<\/div>\n\t\t\t\t<\/div>\n\t\t\t\t<div class=\"elementor-element elementor-element-ecf3faa elementor-widget__width-initial elementor-widget elementor-widget-text-editor\" data-id=\"ecf3faa\" data-element_type=\"widget\" data-e-type=\"widget\" data-widget_type=\"text-editor.default\">\n\t\t\t\t<div class=\"elementor-widget-container\">\n\t\t\t\t\t\t\t\t\t<p><span style=\"color: #000000;\">31, rue Adrien Dubouch\u00e9<\/span><br \/><span style=\"color: #000000;\">Limoges<\/span><br \/><span style=\"color: #000000;\">05 55 32 13 99<\/span><br \/><span style=\"color: #000000;\">boutiquesignature@outlook.fr<\/span><\/p><p><span style=\"color: #000000;\">Horaires :<\/span><\/p><p><span style=\"color: #000000;\">du Mardi au Vendredi : 10h-19h<\/span><br \/><span style=\"color: #000000;\">Samedi : 10h-12h30 et 14h30-19h<\/span><\/p>\t\t\t\t\t\t\t\t<\/div>\n\t\t\t\t<\/div>\n\t\t\t\t<\/div>\n\t\t<div class=\"elementor-element elementor-element-b766d09 e-con-full e-flex e-con e-child\" data-id=\"b766d09\" data-element_type=\"container\" data-e-type=\"container\" data-settings=\"{&quot;background_background&quot;:&quot;slideshow&quot;,&quot;background_slideshow_transition_duration&quot;:1500,&quot;background_slideshow_ken_burns&quot;:&quot;yes&quot;,&quot;background_slideshow_gallery&quot;:[],&quot;background_slideshow_loop&quot;:&quot;yes&quot;,&quot;background_slideshow_slide_duration&quot;:5000,&quot;background_slideshow_slide_transition&quot;:&quot;fade&quot;,&quot;background_slideshow_ken_burns_zoom_direction&quot;:&quot;in&quot;}\">\n\t\t\t\t<div class=\"elementor-element elementor-element-694bf3d elementor-widget__width-inherit elementor-widget elementor-widget-google_maps\" data-id=\"694bf3d\" data-element_type=\"widget\" data-e-type=\"widget\" data-widget_type=\"google_maps.default\">\n\t\t\t\t<div class=\"elementor-widget-container\">\n\t\t\t\t\t\t\t<div class=\"elementor-custom-embed\">\n\t\t\t<iframe loading=\"lazy\"\n\t\t\t\t\tsrc=\"https:\/\/maps.google.com\/maps?q=Signature%20Limoges%2C%20France&#038;t=m&#038;z=15&#038;output=embed&#038;iwloc=near\"\n\t\t\t\t\ttitle=\"Signature Limoges, France\"\n\t\t\t\t\taria-label=\"Signature Limoges, France\"\n\t\t\t><\/iframe>\n\t\t<\/div>\n\t\t\t\t\t\t<\/div>\n\t\t\t\t<\/div>\n\t\t\t\t<\/div>\n\t\t\t\t<\/div>\n\t\t\t\t<\/div>\n\t\t","protected":false},"excerpt":{"rendered":"<p>Contactez-nous Une question, un besoin particulier, ou simplement envie d\u2019en savoir plus ? Nous serons ravis de vous accompagner.N\u2019h\u00e9sitez pas \u00e0 remplir le formulaire de contact ci-contre : je vous r\u00e9pondrai dans les meilleurs d\u00e9lais avec professionnalisme et attention. Votre message est important \u2014 prenons contact d\u00e8s aujourd\u2019hui. Votre nom Votre e-mail Votre message &#916; [&hellip;]<\/p>\n","protected":false},"author":3,"featured_media":0,"parent":0,"menu_order":0,"comment_status":"closed","ping_status":"closed","template":"","meta":{"footnotes":""},"class_list":["post-421","page","type-page","status-publish","hentry"],"yoast_head":"<!-- This site is optimized with the Yoast SEO plugin v27.4 - https:\/\/yoast.com\/product\/yoast-seo-wordpress\/ -->\n<title>Contact - Signature<\/title>\n<meta name=\"robots\" content=\"index, follow, max-snippet:-1, max-image-preview:large, max-video-preview:-1\" \/>\n<link rel=\"canonical\" href=\"https:\/\/www.signature87.com\/index.php\/contact\/\" \/>\n<meta property=\"og:locale\" content=\"fr_FR\" \/>\n<meta property=\"og:type\" content=\"article\" \/>\n<meta property=\"og:title\" content=\"Contact - Signature\" \/>\n<meta property=\"og:description\" content=\"Contactez-nous Une question, un besoin particulier, ou simplement envie d\u2019en savoir plus ? Nous serons ravis de vous accompagner.N\u2019h\u00e9sitez pas \u00e0 remplir le formulaire de contact ci-contre : je vous r\u00e9pondrai dans les meilleurs d\u00e9lais avec professionnalisme et attention. Votre message est important \u2014 prenons contact d\u00e8s aujourd\u2019hui. Votre nom Votre e-mail Votre message &#916; [&hellip;]\" \/>\n<meta property=\"og:url\" content=\"https:\/\/www.signature87.com\/index.php\/contact\/\" \/>\n<meta property=\"og:site_name\" content=\"Signature\" \/>\n<meta property=\"article:publisher\" content=\"https:\/\/www.facebook.com\/people\/Boutique-Signature\/100080640503254\/\" \/>\n<meta property=\"article:modified_time\" content=\"2025-06-05T13:16:42+00:00\" \/>\n<meta name=\"twitter:card\" content=\"summary_large_image\" \/>\n<meta name=\"twitter:label1\" content=\"Dur\u00e9e de lecture estim\u00e9e\" \/>\n\t<meta name=\"twitter:data1\" content=\"1 minute\" \/>\n<script type=\"application\/ld+json\" class=\"yoast-schema-graph\">{\"@context\":\"https:\\\/\\\/schema.org\",\"@graph\":[{\"@type\":\"WebPage\",\"@id\":\"https:\\\/\\\/www.signature87.com\\\/index.php\\\/contact\\\/\",\"url\":\"https:\\\/\\\/www.signature87.com\\\/index.php\\\/contact\\\/\",\"name\":\"Contact - Signature\",\"isPartOf\":{\"@id\":\"https:\\\/\\\/www.signature87.com\\\/#website\"},\"datePublished\":\"2025-05-21T13:50:50+00:00\",\"dateModified\":\"2025-06-05T13:16:42+00:00\",\"breadcrumb\":{\"@id\":\"https:\\\/\\\/www.signature87.com\\\/index.php\\\/contact\\\/#breadcrumb\"},\"inLanguage\":\"fr-FR\",\"potentialAction\":[{\"@type\":\"ReadAction\",\"target\":[\"https:\\\/\\\/www.signature87.com\\\/index.php\\\/contact\\\/\"]}]},{\"@type\":\"BreadcrumbList\",\"@id\":\"https:\\\/\\\/www.signature87.com\\\/index.php\\\/contact\\\/#breadcrumb\",\"itemListElement\":[{\"@type\":\"ListItem\",\"position\":1,\"name\":\"Accueil\",\"item\":\"https:\\\/\\\/www.signature87.com\\\/\"},{\"@type\":\"ListItem\",\"position\":2,\"name\":\"Contact\"}]},{\"@type\":\"WebSite\",\"@id\":\"https:\\\/\\\/www.signature87.com\\\/#website\",\"url\":\"https:\\\/\\\/www.signature87.com\\\/\",\"name\":\"Signature 87\",\"description\":\"\",\"publisher\":{\"@id\":\"https:\\\/\\\/www.signature87.com\\\/#organization\"},\"potentialAction\":[{\"@type\":\"SearchAction\",\"target\":{\"@type\":\"EntryPoint\",\"urlTemplate\":\"https:\\\/\\\/www.signature87.com\\\/?s={search_term_string}\"},\"query-input\":{\"@type\":\"PropertyValueSpecification\",\"valueRequired\":true,\"valueName\":\"search_term_string\"}}],\"inLanguage\":\"fr-FR\"},{\"@type\":\"Organization\",\"@id\":\"https:\\\/\\\/www.signature87.com\\\/#organization\",\"name\":\"Signature 87\",\"url\":\"https:\\\/\\\/www.signature87.com\\\/\",\"logo\":{\"@type\":\"ImageObject\",\"inLanguage\":\"fr-FR\",\"@id\":\"https:\\\/\\\/www.signature87.com\\\/#\\\/schema\\\/logo\\\/image\\\/\",\"url\":\"https:\\\/\\\/www.signature87.com\\\/wp-content\\\/uploads\\\/2025\\\/04\\\/IMG_393jkoi2.png\",\"contentUrl\":\"https:\\\/\\\/www.signature87.com\\\/wp-content\\\/uploads\\\/2025\\\/04\\\/IMG_393jkoi2.png\",\"width\":1194,\"height\":630,\"caption\":\"Signature 87\"},\"image\":{\"@id\":\"https:\\\/\\\/www.signature87.com\\\/#\\\/schema\\\/logo\\\/image\\\/\"},\"sameAs\":[\"https:\\\/\\\/www.facebook.com\\\/people\\\/Boutique-Signature\\\/100080640503254\\\/\",\"https:\\\/\\\/www.instagram.com\\\/lacasaabuelita\\\/\"]}]}<\/script>\n<!-- \/ Yoast SEO plugin. -->","yoast_head_json":{"title":"Contact - Signature","robots":{"index":"index","follow":"follow","max-snippet":"max-snippet:-1","max-image-preview":"max-image-preview:large","max-video-preview":"max-video-preview:-1"},"canonical":"https:\/\/www.signature87.com\/index.php\/contact\/","og_locale":"fr_FR","og_type":"article","og_title":"Contact - Signature","og_description":"Contactez-nous Une question, un besoin particulier, ou simplement envie d\u2019en savoir plus ? Nous serons ravis de vous accompagner.N\u2019h\u00e9sitez pas \u00e0 remplir le formulaire de contact ci-contre : je vous r\u00e9pondrai dans les meilleurs d\u00e9lais avec professionnalisme et attention. Votre message est important \u2014 prenons contact d\u00e8s aujourd\u2019hui. Votre nom Votre e-mail Votre message &#916; [&hellip;]","og_url":"https:\/\/www.signature87.com\/index.php\/contact\/","og_site_name":"Signature","article_publisher":"https:\/\/www.facebook.com\/people\/Boutique-Signature\/100080640503254\/","article_modified_time":"2025-06-05T13:16:42+00:00","twitter_card":"summary_large_image","twitter_misc":{"Dur\u00e9e de lecture estim\u00e9e":"1 minute"},"schema":{"@context":"https:\/\/schema.org","@graph":[{"@type":"WebPage","@id":"https:\/\/www.signature87.com\/index.php\/contact\/","url":"https:\/\/www.signature87.com\/index.php\/contact\/","name":"Contact - Signature","isPartOf":{"@id":"https:\/\/www.signature87.com\/#website"},"datePublished":"2025-05-21T13:50:50+00:00","dateModified":"2025-06-05T13:16:42+00:00","breadcrumb":{"@id":"https:\/\/www.signature87.com\/index.php\/contact\/#breadcrumb"},"inLanguage":"fr-FR","potentialAction":[{"@type":"ReadAction","target":["https:\/\/www.signature87.com\/index.php\/contact\/"]}]},{"@type":"BreadcrumbList","@id":"https:\/\/www.signature87.com\/index.php\/contact\/#breadcrumb","itemListElement":[{"@type":"ListItem","position":1,"name":"Accueil","item":"https:\/\/www.signature87.com\/"},{"@type":"ListItem","position":2,"name":"Contact"}]},{"@type":"WebSite","@id":"https:\/\/www.signature87.com\/#website","url":"https:\/\/www.signature87.com\/","name":"Signature 87","description":"","publisher":{"@id":"https:\/\/www.signature87.com\/#organization"},"potentialAction":[{"@type":"SearchAction","target":{"@type":"EntryPoint","urlTemplate":"https:\/\/www.signature87.com\/?s={search_term_string}"},"query-input":{"@type":"PropertyValueSpecification","valueRequired":true,"valueName":"search_term_string"}}],"inLanguage":"fr-FR"},{"@type":"Organization","@id":"https:\/\/www.signature87.com\/#organization","name":"Signature 87","url":"https:\/\/www.signature87.com\/","logo":{"@type":"ImageObject","inLanguage":"fr-FR","@id":"https:\/\/www.signature87.com\/#\/schema\/logo\/image\/","url":"https:\/\/www.signature87.com\/wp-content\/uploads\/2025\/04\/IMG_393jkoi2.png","contentUrl":"https:\/\/www.signature87.com\/wp-content\/uploads\/2025\/04\/IMG_393jkoi2.png","width":1194,"height":630,"caption":"Signature 87"},"image":{"@id":"https:\/\/www.signature87.com\/#\/schema\/logo\/image\/"},"sameAs":["https:\/\/www.facebook.com\/people\/Boutique-Signature\/100080640503254\/","https:\/\/www.instagram.com\/lacasaabuelita\/"]}]}},"_links":{"self":[{"href":"https:\/\/www.signature87.com\/index.php\/wp-json\/wp\/v2\/pages\/421","targetHints":{"allow":["GET"]}}],"collection":[{"href":"https:\/\/www.signature87.com\/index.php\/wp-json\/wp\/v2\/pages"}],"about":[{"href":"https:\/\/www.signature87.com\/index.php\/wp-json\/wp\/v2\/types\/page"}],"author":[{"embeddable":true,"href":"https:\/\/www.signature87.com\/index.php\/wp-json\/wp\/v2\/users\/3"}],"replies":[{"embeddable":true,"href":"https:\/\/www.signature87.com\/index.php\/wp-json\/wp\/v2\/comments?post=421"}],"version-history":[{"count":3,"href":"https:\/\/www.signature87.com\/index.php\/wp-json\/wp\/v2\/pages\/421\/revisions"}],"predecessor-version":[{"id":996,"href":"https:\/\/www.signature87.com\/index.php\/wp-json\/wp\/v2\/pages\/421\/revisions\/996"}],"wp:attachment":[{"href":"https:\/\/www.signature87.com\/index.php\/wp-json\/wp\/v2\/media?parent=421"}],"curies":[{"name":"wp","href":"https:\/\/api.w.org\/{rel}","templated":true}]}}