{"id":337,"date":"2025-05-21T11:24:15","date_gmt":"2025-05-21T09:24:15","guid":{"rendered":"http:\/\/geurapz.cluster100.hosting.ovh.net\/?page_id=337"},"modified":"2025-07-07T09:51:36","modified_gmt":"2025-07-07T07:51:36","slug":"broderie","status":"publish","type":"page","link":"https:\/\/www.signature87.com\/index.php\/broderie\/","title":{"rendered":"Broderie"},"content":{"rendered":"\t\t<div data-elementor-type=\"wp-page\" data-elementor-id=\"337\" class=\"elementor elementor-337\">\n\t\t\t\t<div class=\"elementor-element elementor-element-c2cc7d7 e-flex e-con-boxed e-con e-parent\" data-id=\"c2cc7d7\" data-element_type=\"container\" data-e-type=\"container\">\n\t\t\t\t\t<div class=\"e-con-inner\">\n\t\t\t\t<div class=\"elementor-element elementor-element-3497a85 elementor-hidden-mobile elementor-widget elementor-widget-spacer\" data-id=\"3497a85\" data-element_type=\"widget\" data-e-type=\"widget\" data-widget_type=\"spacer.default\">\n\t\t\t\t<div class=\"elementor-widget-container\">\n\t\t\t\t\t\t\t<div class=\"elementor-spacer\">\n\t\t\t<div class=\"elementor-spacer-inner\"><\/div>\n\t\t<\/div>\n\t\t\t\t\t\t<\/div>\n\t\t\t\t<\/div>\n\t\t\t\t<div class=\"elementor-element elementor-element-86e0752 elementor-widget elementor-widget-heading\" data-id=\"86e0752\" data-element_type=\"widget\" data-e-type=\"widget\" data-widget_type=\"heading.default\">\n\t\t\t\t<div class=\"elementor-widget-container\">\n\t\t\t\t\t<h2 class=\"elementor-heading-title elementor-size-default\">Notre coin broderie<\/h2>\t\t\t\t<\/div>\n\t\t\t\t<\/div>\n\t\t\t\t<div class=\"elementor-element elementor-element-de4b9fc elementor-hidden-mobile elementor-widget elementor-widget-spacer\" data-id=\"de4b9fc\" data-element_type=\"widget\" data-e-type=\"widget\" data-widget_type=\"spacer.default\">\n\t\t\t\t<div class=\"elementor-widget-container\">\n\t\t\t\t\t\t\t<div class=\"elementor-spacer\">\n\t\t\t<div class=\"elementor-spacer-inner\"><\/div>\n\t\t<\/div>\n\t\t\t\t\t\t<\/div>\n\t\t\t\t<\/div>\n\t\t\t\t\t<\/div>\n\t\t\t\t<\/div>\n\t\t<div class=\"elementor-element elementor-element-e4407ea e-con-full e-flex elementor-invisible e-con e-parent\" data-id=\"e4407ea\" data-element_type=\"container\" data-e-type=\"container\" data-settings=\"{&quot;animation&quot;:&quot;fadeInUp&quot;}\">\n\t\t<div class=\"elementor-element elementor-element-b6a5549 e-con-full e-flex e-con e-child\" data-id=\"b6a5549\" data-element_type=\"container\" data-e-type=\"container\" data-settings=\"{&quot;background_background&quot;:&quot;classic&quot;}\">\n\t\t\t\t<div class=\"elementor-element elementor-element-30b76bb elementor-widget__width-initial elementor-widget elementor-widget-text-editor\" data-id=\"30b76bb\" data-element_type=\"widget\" data-e-type=\"widget\" data-widget_type=\"text-editor.default\">\n\t\t\t\t<div class=\"elementor-widget-container\">\n\t\t\t\t\t\t\t\t\t<p><span style=\"color: #000000;\">Un service de personnalisation en broderie vous est propos\u00e9 directement en boutique pour mettre en valeur vos cadeaux de naissance, d&rsquo;anniversaire ou tout autre \u00e9v\u00e8nement selon vos envies !<\/span><\/p><p>Jetez un coup d\u2019\u0153il \u00e0 <a href=\"https:\/\/www.signature87.com\/index.php\/espace-enfant\/\"><span style=\"text-decoration: underline;\">nos chaises de r\u00e9alisateur \u00e0 personnaliser<\/span><\/a><\/p>\t\t\t\t\t\t\t\t<\/div>\n\t\t\t\t<\/div>\n\t\t\t\t<\/div>\n\t\t<div class=\"elementor-element elementor-element-2620465 e-con-full e-flex e-con e-child\" data-id=\"2620465\" data-element_type=\"container\" data-e-type=\"container\" data-settings=\"{&quot;background_background&quot;:&quot;slideshow&quot;,&quot;background_slideshow_gallery&quot;:[{&quot;id&quot;:148,&quot;url&quot;:&quot;https:\\\/\\\/www.signature87.com\\\/wp-content\\\/uploads\\\/2025\\\/04\\\/IMG_3894-scaled.png&quot;},{&quot;id&quot;:153,&quot;url&quot;:&quot;https:\\\/\\\/www.signature87.com\\\/wp-content\\\/uploads\\\/2025\\\/04\\\/IMG_3914-scaled.png&quot;},{&quot;id&quot;:559,&quot;url&quot;:&quot;https:\\\/\\\/www.signature87.com\\\/wp-content\\\/uploads\\\/2025\\\/06\\\/IMG_39321ll-scaled.png&quot;},{&quot;id&quot;:147,&quot;url&quot;:&quot;https:\\\/\\\/www.signature87.com\\\/wp-content\\\/uploads\\\/2025\\\/04\\\/IMG_3893-scaled.png&quot;},{&quot;id&quot;:957,&quot;url&quot;:&quot;https:\\\/\\\/www.signature87.com\\\/wp-content\\\/uploads\\\/2025\\\/06\\\/broderie-verte-coussin-polaire.png&quot;},{&quot;id&quot;:959,&quot;url&quot;:&quot;https:\\\/\\\/www.signature87.com\\\/wp-content\\\/uploads\\\/2025\\\/06\\\/FAUTEUILS-ARMY.png&quot;},{&quot;id&quot;:958,&quot;url&quot;:&quot;https:\\\/\\\/www.signature87.com\\\/wp-content\\\/uploads\\\/2025\\\/06\\\/broderie-verte.png&quot;}],&quot;background_slideshow_transition_duration&quot;:1500,&quot;background_slideshow_ken_burns&quot;:&quot;yes&quot;,&quot;background_slideshow_loop&quot;:&quot;yes&quot;,&quot;background_slideshow_slide_duration&quot;:5000,&quot;background_slideshow_slide_transition&quot;:&quot;fade&quot;,&quot;background_slideshow_ken_burns_zoom_direction&quot;:&quot;in&quot;}\">\n\t\t\t\t<\/div>\n\t\t\t\t<\/div>\n\t\t\t\t<\/div>\n\t\t","protected":false},"excerpt":{"rendered":"<p>Notre coin broderie Un service de personnalisation en broderie vous est propos\u00e9 directement en boutique pour mettre en valeur vos cadeaux de naissance, d&rsquo;anniversaire ou tout autre \u00e9v\u00e8nement selon vos envies ! Jetez un coup d\u2019\u0153il \u00e0 nos chaises de r\u00e9alisateur \u00e0 personnaliser<\/p>\n","protected":false},"author":3,"featured_media":0,"parent":0,"menu_order":0,"comment_status":"closed","ping_status":"closed","template":"","meta":{"footnotes":""},"class_list":["post-337","page","type-page","status-publish","hentry"],"yoast_head":"<!-- This site is optimized with the Yoast SEO plugin v27.4 - https:\/\/yoast.com\/product\/yoast-seo-wordpress\/ -->\n<title>Broderie - Signature<\/title>\n<meta name=\"robots\" content=\"index, follow, max-snippet:-1, max-image-preview:large, max-video-preview:-1\" \/>\n<link rel=\"canonical\" href=\"https:\/\/www.signature87.com\/index.php\/broderie\/\" \/>\n<meta property=\"og:locale\" content=\"fr_FR\" \/>\n<meta property=\"og:type\" content=\"article\" \/>\n<meta property=\"og:title\" content=\"Broderie - Signature\" \/>\n<meta property=\"og:description\" content=\"Notre coin broderie Un service de personnalisation en broderie vous est propos\u00e9 directement en boutique pour mettre en valeur vos cadeaux de naissance, d&rsquo;anniversaire ou tout autre \u00e9v\u00e8nement selon vos envies ! Jetez un coup d\u2019\u0153il \u00e0 nos chaises de r\u00e9alisateur \u00e0 personnaliser\" \/>\n<meta property=\"og:url\" content=\"https:\/\/www.signature87.com\/index.php\/broderie\/\" \/>\n<meta property=\"og:site_name\" content=\"Signature\" \/>\n<meta property=\"article:publisher\" content=\"https:\/\/www.facebook.com\/people\/Boutique-Signature\/100080640503254\/\" \/>\n<meta property=\"article:modified_time\" content=\"2025-07-07T07:51:36+00:00\" \/>\n<meta name=\"twitter:card\" content=\"summary_large_image\" \/>\n<meta name=\"twitter:label1\" content=\"Dur\u00e9e de lecture estim\u00e9e\" \/>\n\t<meta name=\"twitter:data1\" content=\"1 minute\" \/>\n<script type=\"application\/ld+json\" class=\"yoast-schema-graph\">{\"@context\":\"https:\\\/\\\/schema.org\",\"@graph\":[{\"@type\":\"WebPage\",\"@id\":\"https:\\\/\\\/www.signature87.com\\\/index.php\\\/broderie\\\/\",\"url\":\"https:\\\/\\\/www.signature87.com\\\/index.php\\\/broderie\\\/\",\"name\":\"Broderie - Signature\",\"isPartOf\":{\"@id\":\"https:\\\/\\\/www.signature87.com\\\/#website\"},\"datePublished\":\"2025-05-21T09:24:15+00:00\",\"dateModified\":\"2025-07-07T07:51:36+00:00\",\"breadcrumb\":{\"@id\":\"https:\\\/\\\/www.signature87.com\\\/index.php\\\/broderie\\\/#breadcrumb\"},\"inLanguage\":\"fr-FR\",\"potentialAction\":[{\"@type\":\"ReadAction\",\"target\":[\"https:\\\/\\\/www.signature87.com\\\/index.php\\\/broderie\\\/\"]}]},{\"@type\":\"BreadcrumbList\",\"@id\":\"https:\\\/\\\/www.signature87.com\\\/index.php\\\/broderie\\\/#breadcrumb\",\"itemListElement\":[{\"@type\":\"ListItem\",\"position\":1,\"name\":\"Accueil\",\"item\":\"https:\\\/\\\/www.signature87.com\\\/\"},{\"@type\":\"ListItem\",\"position\":2,\"name\":\"Broderie\"}]},{\"@type\":\"WebSite\",\"@id\":\"https:\\\/\\\/www.signature87.com\\\/#website\",\"url\":\"https:\\\/\\\/www.signature87.com\\\/\",\"name\":\"Signature 87\",\"description\":\"\",\"publisher\":{\"@id\":\"https:\\\/\\\/www.signature87.com\\\/#organization\"},\"potentialAction\":[{\"@type\":\"SearchAction\",\"target\":{\"@type\":\"EntryPoint\",\"urlTemplate\":\"https:\\\/\\\/www.signature87.com\\\/?s={search_term_string}\"},\"query-input\":{\"@type\":\"PropertyValueSpecification\",\"valueRequired\":true,\"valueName\":\"search_term_string\"}}],\"inLanguage\":\"fr-FR\"},{\"@type\":\"Organization\",\"@id\":\"https:\\\/\\\/www.signature87.com\\\/#organization\",\"name\":\"Signature 87\",\"url\":\"https:\\\/\\\/www.signature87.com\\\/\",\"logo\":{\"@type\":\"ImageObject\",\"inLanguage\":\"fr-FR\",\"@id\":\"https:\\\/\\\/www.signature87.com\\\/#\\\/schema\\\/logo\\\/image\\\/\",\"url\":\"https:\\\/\\\/www.signature87.com\\\/wp-content\\\/uploads\\\/2025\\\/04\\\/IMG_393jkoi2.png\",\"contentUrl\":\"https:\\\/\\\/www.signature87.com\\\/wp-content\\\/uploads\\\/2025\\\/04\\\/IMG_393jkoi2.png\",\"width\":1194,\"height\":630,\"caption\":\"Signature 87\"},\"image\":{\"@id\":\"https:\\\/\\\/www.signature87.com\\\/#\\\/schema\\\/logo\\\/image\\\/\"},\"sameAs\":[\"https:\\\/\\\/www.facebook.com\\\/people\\\/Boutique-Signature\\\/100080640503254\\\/\",\"https:\\\/\\\/www.instagram.com\\\/lacasaabuelita\\\/\"]}]}<\/script>\n<!-- \/ Yoast SEO plugin. -->","yoast_head_json":{"title":"Broderie - Signature","robots":{"index":"index","follow":"follow","max-snippet":"max-snippet:-1","max-image-preview":"max-image-preview:large","max-video-preview":"max-video-preview:-1"},"canonical":"https:\/\/www.signature87.com\/index.php\/broderie\/","og_locale":"fr_FR","og_type":"article","og_title":"Broderie - Signature","og_description":"Notre coin broderie Un service de personnalisation en broderie vous est propos\u00e9 directement en boutique pour mettre en valeur vos cadeaux de naissance, d&rsquo;anniversaire ou tout autre \u00e9v\u00e8nement selon vos envies ! Jetez un coup d\u2019\u0153il \u00e0 nos chaises de r\u00e9alisateur \u00e0 personnaliser","og_url":"https:\/\/www.signature87.com\/index.php\/broderie\/","og_site_name":"Signature","article_publisher":"https:\/\/www.facebook.com\/people\/Boutique-Signature\/100080640503254\/","article_modified_time":"2025-07-07T07:51:36+00:00","twitter_card":"summary_large_image","twitter_misc":{"Dur\u00e9e de lecture estim\u00e9e":"1 minute"},"schema":{"@context":"https:\/\/schema.org","@graph":[{"@type":"WebPage","@id":"https:\/\/www.signature87.com\/index.php\/broderie\/","url":"https:\/\/www.signature87.com\/index.php\/broderie\/","name":"Broderie - Signature","isPartOf":{"@id":"https:\/\/www.signature87.com\/#website"},"datePublished":"2025-05-21T09:24:15+00:00","dateModified":"2025-07-07T07:51:36+00:00","breadcrumb":{"@id":"https:\/\/www.signature87.com\/index.php\/broderie\/#breadcrumb"},"inLanguage":"fr-FR","potentialAction":[{"@type":"ReadAction","target":["https:\/\/www.signature87.com\/index.php\/broderie\/"]}]},{"@type":"BreadcrumbList","@id":"https:\/\/www.signature87.com\/index.php\/broderie\/#breadcrumb","itemListElement":[{"@type":"ListItem","position":1,"name":"Accueil","item":"https:\/\/www.signature87.com\/"},{"@type":"ListItem","position":2,"name":"Broderie"}]},{"@type":"WebSite","@id":"https:\/\/www.signature87.com\/#website","url":"https:\/\/www.signature87.com\/","name":"Signature 87","description":"","publisher":{"@id":"https:\/\/www.signature87.com\/#organization"},"potentialAction":[{"@type":"SearchAction","target":{"@type":"EntryPoint","urlTemplate":"https:\/\/www.signature87.com\/?s={search_term_string}"},"query-input":{"@type":"PropertyValueSpecification","valueRequired":true,"valueName":"search_term_string"}}],"inLanguage":"fr-FR"},{"@type":"Organization","@id":"https:\/\/www.signature87.com\/#organization","name":"Signature 87","url":"https:\/\/www.signature87.com\/","logo":{"@type":"ImageObject","inLanguage":"fr-FR","@id":"https:\/\/www.signature87.com\/#\/schema\/logo\/image\/","url":"https:\/\/www.signature87.com\/wp-content\/uploads\/2025\/04\/IMG_393jkoi2.png","contentUrl":"https:\/\/www.signature87.com\/wp-content\/uploads\/2025\/04\/IMG_393jkoi2.png","width":1194,"height":630,"caption":"Signature 87"},"image":{"@id":"https:\/\/www.signature87.com\/#\/schema\/logo\/image\/"},"sameAs":["https:\/\/www.facebook.com\/people\/Boutique-Signature\/100080640503254\/","https:\/\/www.instagram.com\/lacasaabuelita\/"]}]}},"_links":{"self":[{"href":"https:\/\/www.signature87.com\/index.php\/wp-json\/wp\/v2\/pages\/337","targetHints":{"allow":["GET"]}}],"collection":[{"href":"https:\/\/www.signature87.com\/index.php\/wp-json\/wp\/v2\/pages"}],"about":[{"href":"https:\/\/www.signature87.com\/index.php\/wp-json\/wp\/v2\/types\/page"}],"author":[{"embeddable":true,"href":"https:\/\/www.signature87.com\/index.php\/wp-json\/wp\/v2\/users\/3"}],"replies":[{"embeddable":true,"href":"https:\/\/www.signature87.com\/index.php\/wp-json\/wp\/v2\/comments?post=337"}],"version-history":[{"count":9,"href":"https:\/\/www.signature87.com\/index.php\/wp-json\/wp\/v2\/pages\/337\/revisions"}],"predecessor-version":[{"id":1009,"href":"https:\/\/www.signature87.com\/index.php\/wp-json\/wp\/v2\/pages\/337\/revisions\/1009"}],"wp:attachment":[{"href":"https:\/\/www.signature87.com\/index.php\/wp-json\/wp\/v2\/media?parent=337"}],"curies":[{"name":"wp","href":"https:\/\/api.w.org\/{rel}","templated":true}]}}