{"id":224,"date":"2025-04-25T11:01:07","date_gmt":"2025-04-25T09:01:07","guid":{"rendered":"http:\/\/geurapz.cluster100.hosting.ovh.net\/?page_id=224"},"modified":"2025-12-08T09:17:11","modified_gmt":"2025-12-08T08:17:11","slug":"espace-enfant","status":"publish","type":"page","link":"https:\/\/www.signature87.com\/index.php\/espace-enfant\/","title":{"rendered":"Espace enfant"},"content":{"rendered":"\t\t<div data-elementor-type=\"wp-page\" data-elementor-id=\"224\" class=\"elementor elementor-224\">\n\t\t\t\t<div class=\"elementor-element elementor-element-c2cc7d7 e-flex e-con-boxed e-con e-parent\" data-id=\"c2cc7d7\" data-element_type=\"container\" data-e-type=\"container\">\n\t\t\t\t\t<div class=\"e-con-inner\">\n\t\t\t\t<div class=\"elementor-element elementor-element-3497a85 elementor-hidden-mobile elementor-widget elementor-widget-spacer\" data-id=\"3497a85\" data-element_type=\"widget\" data-e-type=\"widget\" data-widget_type=\"spacer.default\">\n\t\t\t\t<div class=\"elementor-widget-container\">\n\t\t\t\t\t\t\t<div class=\"elementor-spacer\">\n\t\t\t<div class=\"elementor-spacer-inner\"><\/div>\n\t\t<\/div>\n\t\t\t\t\t\t<\/div>\n\t\t\t\t<\/div>\n\t\t\t\t<div class=\"elementor-element elementor-element-86e0752 elementor-widget elementor-widget-heading\" data-id=\"86e0752\" data-element_type=\"widget\" data-e-type=\"widget\" data-widget_type=\"heading.default\">\n\t\t\t\t<div class=\"elementor-widget-container\">\n\t\t\t\t\t<h2 class=\"elementor-heading-title elementor-size-default\">Un univers tout doux pour les petits<\/h2>\t\t\t\t<\/div>\n\t\t\t\t<\/div>\n\t\t\t\t<div class=\"elementor-element elementor-element-7b2d21f elementor-hidden-mobile elementor-widget elementor-widget-spacer\" data-id=\"7b2d21f\" data-element_type=\"widget\" data-e-type=\"widget\" data-widget_type=\"spacer.default\">\n\t\t\t\t<div class=\"elementor-widget-container\">\n\t\t\t\t\t\t\t<div class=\"elementor-spacer\">\n\t\t\t<div class=\"elementor-spacer-inner\"><\/div>\n\t\t<\/div>\n\t\t\t\t\t\t<\/div>\n\t\t\t\t<\/div>\n\t\t\t\t\t<\/div>\n\t\t\t\t<\/div>\n\t\t<div class=\"elementor-element elementor-element-e4407ea e-con-full e-flex elementor-invisible e-con e-parent\" data-id=\"e4407ea\" data-element_type=\"container\" data-e-type=\"container\" data-settings=\"{&quot;animation&quot;:&quot;fadeInLeft&quot;}\">\n\t\t<div class=\"elementor-element elementor-element-b6a5549 e-con-full e-flex e-con e-child\" data-id=\"b6a5549\" data-element_type=\"container\" data-e-type=\"container\" data-settings=\"{&quot;background_background&quot;:&quot;classic&quot;}\">\n\t\t\t\t<div class=\"elementor-element elementor-element-30b76bb elementor-widget__width-initial elementor-widget elementor-widget-text-editor\" data-id=\"30b76bb\" data-element_type=\"widget\" data-e-type=\"widget\" data-widget_type=\"text-editor.default\">\n\t\t\t\t<div class=\"elementor-widget-container\">\n\t\t\t\t\t\t\t\t\t<p style=\"text-align: center;\"><span style=\"color: #000000;\">Pour B\u00e9b\u00e9<\/span><\/p><p><span style=\"color: #000000;\">Tout un espace lui est r\u00e9serv\u00e9 : capes de bain, ponchos, peignoirs, et bien s\u00fbr les incontournables doudous.<\/span><\/p><p><span style=\"color: #000000;\">Sacs \u00e0 langer, petits sacs \u00e0 dos et nombreux petits accessoires compl\u00e8tent la collection.<\/span><\/p>\t\t\t\t\t\t\t\t<\/div>\n\t\t\t\t<\/div>\n\t\t\t\t<\/div>\n\t\t<div class=\"elementor-element elementor-element-2620465 e-con-full e-flex e-con e-child\" data-id=\"2620465\" data-element_type=\"container\" data-e-type=\"container\" data-settings=\"{&quot;background_background&quot;:&quot;slideshow&quot;,&quot;background_slideshow_gallery&quot;:[{&quot;id&quot;:313,&quot;url&quot;:&quot;https:\\\/\\\/www.signature87.com\\\/wp-content\\\/uploads\\\/2025\\\/05\\\/IMG_38chge78.png&quot;},{&quot;id&quot;:233,&quot;url&quot;:&quot;https:\\\/\\\/www.signature87.com\\\/wp-content\\\/uploads\\\/2025\\\/04\\\/IMG_388mm0.png&quot;},{&quot;id&quot;:314,&quot;url&quot;:&quot;https:\\\/\\\/www.signature87.com\\\/wp-content\\\/uploads\\\/2025\\\/05\\\/IMG_388chge0-scaled.png&quot;},{&quot;id&quot;:316,&quot;url&quot;:&quot;https:\\\/\\\/www.signature87.com\\\/wp-content\\\/uploads\\\/2025\\\/05\\\/IMG_39chg9-scaled.png&quot;}],&quot;background_slideshow_transition_duration&quot;:1500,&quot;background_slideshow_ken_burns&quot;:&quot;yes&quot;,&quot;background_slideshow_loop&quot;:&quot;yes&quot;,&quot;background_slideshow_slide_duration&quot;:5000,&quot;background_slideshow_slide_transition&quot;:&quot;fade&quot;,&quot;background_slideshow_ken_burns_zoom_direction&quot;:&quot;in&quot;}\">\n\t\t\t\t<\/div>\n\t\t\t\t<\/div>\n\t\t<div class=\"elementor-element elementor-element-8917109 e-con-full e-flex elementor-invisible e-con e-parent\" data-id=\"8917109\" data-element_type=\"container\" data-e-type=\"container\" data-settings=\"{&quot;animation&quot;:&quot;fadeInRight&quot;}\">\n\t\t<div class=\"elementor-element elementor-element-35bedf6 e-con-full e-flex e-con e-child\" data-id=\"35bedf6\" data-element_type=\"container\" data-e-type=\"container\" data-settings=\"{&quot;background_background&quot;:&quot;classic&quot;}\">\n\t\t\t\t<div class=\"elementor-element elementor-element-3b64311 elementor-widget__width-initial elementor-widget elementor-widget-text-editor\" data-id=\"3b64311\" data-element_type=\"widget\" data-e-type=\"widget\" data-widget_type=\"text-editor.default\">\n\t\t\t\t<div class=\"elementor-widget-container\">\n\t\t\t\t\t\t\t\t\t<p style=\"text-align: center;\"><span style=\"color: #000000;\">Nos fauteuils metteurs en sc\u00e8ne<\/span><\/p><p><span style=\"color: #000000;\">Ils raviront vos petites stars, brod\u00e9s au pr\u00e9nom de votre enfant, avec toute une gamme de coloris de toile, choix d&rsquo;\u00e9criture, couleurs de fil&#8230; Vous cr\u00e9ez, nous r\u00e9alisons !<\/span><\/p>\t\t\t\t\t\t\t\t<\/div>\n\t\t\t\t<\/div>\n\t\t\t\t<\/div>\n\t\t<div class=\"elementor-element elementor-element-b766d09 e-con-full e-flex e-con e-child\" data-id=\"b766d09\" data-element_type=\"container\" data-e-type=\"container\" data-settings=\"{&quot;background_background&quot;:&quot;slideshow&quot;,&quot;background_slideshow_gallery&quot;:[{&quot;id&quot;:959,&quot;url&quot;:&quot;https:\\\/\\\/www.signature87.com\\\/wp-content\\\/uploads\\\/2025\\\/06\\\/FAUTEUILS-ARMY.png&quot;},{&quot;id&quot;:559,&quot;url&quot;:&quot;https:\\\/\\\/www.signature87.com\\\/wp-content\\\/uploads\\\/2025\\\/06\\\/IMG_39321ll-scaled.png&quot;},{&quot;id&quot;:241,&quot;url&quot;:&quot;https:\\\/\\\/www.signature87.com\\\/wp-content\\\/uploads\\\/2025\\\/04\\\/IMG_393jkoi2.png&quot;}],&quot;background_slideshow_transition_duration&quot;:1500,&quot;background_slideshow_ken_burns&quot;:&quot;yes&quot;,&quot;background_slideshow_loop&quot;:&quot;yes&quot;,&quot;background_slideshow_slide_duration&quot;:5000,&quot;background_slideshow_slide_transition&quot;:&quot;fade&quot;,&quot;background_slideshow_ken_burns_zoom_direction&quot;:&quot;in&quot;}\">\n\t\t\t\t<\/div>\n\t\t\t\t<\/div>\n\t\t<div class=\"elementor-element elementor-element-5fa2714 e-flex e-con-boxed e-con e-parent\" data-id=\"5fa2714\" data-element_type=\"container\" data-e-type=\"container\" data-settings=\"{&quot;background_background&quot;:&quot;classic&quot;}\">\n\t\t\t\t\t<div class=\"e-con-inner\">\n\t\t\t\t<div class=\"elementor-element elementor-element-ab687ad elementor-widget elementor-widget-spacer\" data-id=\"ab687ad\" data-element_type=\"widget\" data-e-type=\"widget\" data-widget_type=\"spacer.default\">\n\t\t\t\t<div class=\"elementor-widget-container\">\n\t\t\t\t\t\t\t<div class=\"elementor-spacer\">\n\t\t\t<div class=\"elementor-spacer-inner\"><\/div>\n\t\t<\/div>\n\t\t\t\t\t\t<\/div>\n\t\t\t\t<\/div>\n\t\t\t\t<div class=\"elementor-element elementor-element-1bfc212 elementor-widget elementor-widget-heading\" data-id=\"1bfc212\" data-element_type=\"widget\" data-e-type=\"widget\" data-widget_type=\"heading.default\">\n\t\t\t\t<div class=\"elementor-widget-container\">\n\t\t\t\t\t<h2 class=\"elementor-heading-title elementor-size-default\">Les coloris des toiles pour les chaises de r\u00e9alisateur<\/h2>\t\t\t\t<\/div>\n\t\t\t\t<\/div>\n\t\t\t\t<div class=\"elementor-element elementor-element-2b8ef2a elementor-hidden-mobile elementor-widget elementor-widget-spacer\" data-id=\"2b8ef2a\" data-element_type=\"widget\" data-e-type=\"widget\" data-widget_type=\"spacer.default\">\n\t\t\t\t<div class=\"elementor-widget-container\">\n\t\t\t\t\t\t\t<div class=\"elementor-spacer\">\n\t\t\t<div class=\"elementor-spacer-inner\"><\/div>\n\t\t<\/div>\n\t\t\t\t\t\t<\/div>\n\t\t\t\t<\/div>\n\t\t\t\t<div class=\"elementor-element elementor-element-29c4b52 elementor-widget elementor-widget-image\" data-id=\"29c4b52\" data-element_type=\"widget\" data-e-type=\"widget\" data-widget_type=\"image.default\">\n\t\t\t\t<div class=\"elementor-widget-container\">\n\t\t\t\t\t\t\t\t\t\t\t\t\t\t\t<img fetchpriority=\"high\" decoding=\"async\" width=\"800\" height=\"559\" src=\"https:\/\/www.signature87.com\/wp-content\/uploads\/2025\/12\/PANEL-COULEURS-TOILE-2025-1024x715.png\" class=\"attachment-large size-large wp-image-1025\" alt=\"\" srcset=\"https:\/\/www.signature87.com\/wp-content\/uploads\/2025\/12\/PANEL-COULEURS-TOILE-2025-1024x715.png 1024w, https:\/\/www.signature87.com\/wp-content\/uploads\/2025\/12\/PANEL-COULEURS-TOILE-2025-300x209.png 300w, https:\/\/www.signature87.com\/wp-content\/uploads\/2025\/12\/PANEL-COULEURS-TOILE-2025-768x536.png 768w, https:\/\/www.signature87.com\/wp-content\/uploads\/2025\/12\/PANEL-COULEURS-TOILE-2025-1536x1073.png 1536w, https:\/\/www.signature87.com\/wp-content\/uploads\/2025\/12\/PANEL-COULEURS-TOILE-2025.png 1896w\" sizes=\"(max-width: 800px) 100vw, 800px\" \/>\t\t\t\t\t\t\t\t\t\t\t\t\t\t\t<\/div>\n\t\t\t\t<\/div>\n\t\t\t\t<div class=\"elementor-element elementor-element-bff5ac7 elementor-widget elementor-widget-spacer\" data-id=\"bff5ac7\" data-element_type=\"widget\" data-e-type=\"widget\" data-widget_type=\"spacer.default\">\n\t\t\t\t<div class=\"elementor-widget-container\">\n\t\t\t\t\t\t\t<div class=\"elementor-spacer\">\n\t\t\t<div class=\"elementor-spacer-inner\"><\/div>\n\t\t<\/div>\n\t\t\t\t\t\t<\/div>\n\t\t\t\t<\/div>\n\t\t\t\t\t<\/div>\n\t\t\t\t<\/div>\n\t\t\t\t<\/div>\n\t\t","protected":false},"excerpt":{"rendered":"<p>Un univers tout doux pour les petits Pour B\u00e9b\u00e9 Tout un espace lui est r\u00e9serv\u00e9 : capes de bain, ponchos, peignoirs, et bien s\u00fbr les incontournables doudous. Sacs \u00e0 langer, petits sacs \u00e0 dos et nombreux petits accessoires compl\u00e8tent la collection. Nos fauteuils metteurs en sc\u00e8ne Ils raviront vos petites stars, brod\u00e9s au pr\u00e9nom de [&hellip;]<\/p>\n","protected":false},"author":3,"featured_media":0,"parent":0,"menu_order":0,"comment_status":"closed","ping_status":"closed","template":"","meta":{"footnotes":""},"class_list":["post-224","page","type-page","status-publish","hentry"],"yoast_head":"<!-- This site is optimized with the Yoast SEO plugin v27.4 - https:\/\/yoast.com\/product\/yoast-seo-wordpress\/ -->\n<title>Espace enfant - Signature<\/title>\n<meta name=\"robots\" content=\"index, follow, max-snippet:-1, max-image-preview:large, max-video-preview:-1\" \/>\n<link rel=\"canonical\" href=\"https:\/\/www.signature87.com\/index.php\/espace-enfant\/\" \/>\n<meta property=\"og:locale\" content=\"fr_FR\" \/>\n<meta property=\"og:type\" content=\"article\" \/>\n<meta property=\"og:title\" content=\"Espace enfant - Signature\" \/>\n<meta property=\"og:description\" content=\"Un univers tout doux pour les petits Pour B\u00e9b\u00e9 Tout un espace lui est r\u00e9serv\u00e9 : capes de bain, ponchos, peignoirs, et bien s\u00fbr les incontournables doudous. Sacs \u00e0 langer, petits sacs \u00e0 dos et nombreux petits accessoires compl\u00e8tent la collection. Nos fauteuils metteurs en sc\u00e8ne Ils raviront vos petites stars, brod\u00e9s au pr\u00e9nom de [&hellip;]\" \/>\n<meta property=\"og:url\" content=\"https:\/\/www.signature87.com\/index.php\/espace-enfant\/\" \/>\n<meta property=\"og:site_name\" content=\"Signature\" \/>\n<meta property=\"article:publisher\" content=\"https:\/\/www.facebook.com\/people\/Boutique-Signature\/100080640503254\/\" \/>\n<meta property=\"article:modified_time\" content=\"2025-12-08T08:17:11+00:00\" \/>\n<meta property=\"og:image\" content=\"https:\/\/www.signature87.com\/wp-content\/uploads\/2025\/12\/PANEL-COULEURS-TOILE-2025-1024x715.png\" \/>\n<meta name=\"twitter:card\" content=\"summary_large_image\" \/>\n<meta name=\"twitter:label1\" content=\"Dur\u00e9e de lecture estim\u00e9e\" \/>\n\t<meta name=\"twitter:data1\" content=\"1 minute\" \/>\n<script type=\"application\/ld+json\" class=\"yoast-schema-graph\">{\"@context\":\"https:\\\/\\\/schema.org\",\"@graph\":[{\"@type\":\"WebPage\",\"@id\":\"https:\\\/\\\/www.signature87.com\\\/index.php\\\/espace-enfant\\\/\",\"url\":\"https:\\\/\\\/www.signature87.com\\\/index.php\\\/espace-enfant\\\/\",\"name\":\"Espace enfant - Signature\",\"isPartOf\":{\"@id\":\"https:\\\/\\\/www.signature87.com\\\/#website\"},\"primaryImageOfPage\":{\"@id\":\"https:\\\/\\\/www.signature87.com\\\/index.php\\\/espace-enfant\\\/#primaryimage\"},\"image\":{\"@id\":\"https:\\\/\\\/www.signature87.com\\\/index.php\\\/espace-enfant\\\/#primaryimage\"},\"thumbnailUrl\":\"https:\\\/\\\/www.signature87.com\\\/wp-content\\\/uploads\\\/2025\\\/12\\\/PANEL-COULEURS-TOILE-2025-1024x715.png\",\"datePublished\":\"2025-04-25T09:01:07+00:00\",\"dateModified\":\"2025-12-08T08:17:11+00:00\",\"breadcrumb\":{\"@id\":\"https:\\\/\\\/www.signature87.com\\\/index.php\\\/espace-enfant\\\/#breadcrumb\"},\"inLanguage\":\"fr-FR\",\"potentialAction\":[{\"@type\":\"ReadAction\",\"target\":[\"https:\\\/\\\/www.signature87.com\\\/index.php\\\/espace-enfant\\\/\"]}]},{\"@type\":\"ImageObject\",\"inLanguage\":\"fr-FR\",\"@id\":\"https:\\\/\\\/www.signature87.com\\\/index.php\\\/espace-enfant\\\/#primaryimage\",\"url\":\"https:\\\/\\\/www.signature87.com\\\/wp-content\\\/uploads\\\/2025\\\/12\\\/PANEL-COULEURS-TOILE-2025.png\",\"contentUrl\":\"https:\\\/\\\/www.signature87.com\\\/wp-content\\\/uploads\\\/2025\\\/12\\\/PANEL-COULEURS-TOILE-2025.png\",\"width\":1896,\"height\":1324},{\"@type\":\"BreadcrumbList\",\"@id\":\"https:\\\/\\\/www.signature87.com\\\/index.php\\\/espace-enfant\\\/#breadcrumb\",\"itemListElement\":[{\"@type\":\"ListItem\",\"position\":1,\"name\":\"Accueil\",\"item\":\"https:\\\/\\\/www.signature87.com\\\/\"},{\"@type\":\"ListItem\",\"position\":2,\"name\":\"Espace enfant\"}]},{\"@type\":\"WebSite\",\"@id\":\"https:\\\/\\\/www.signature87.com\\\/#website\",\"url\":\"https:\\\/\\\/www.signature87.com\\\/\",\"name\":\"Signature 87\",\"description\":\"\",\"publisher\":{\"@id\":\"https:\\\/\\\/www.signature87.com\\\/#organization\"},\"potentialAction\":[{\"@type\":\"SearchAction\",\"target\":{\"@type\":\"EntryPoint\",\"urlTemplate\":\"https:\\\/\\\/www.signature87.com\\\/?s={search_term_string}\"},\"query-input\":{\"@type\":\"PropertyValueSpecification\",\"valueRequired\":true,\"valueName\":\"search_term_string\"}}],\"inLanguage\":\"fr-FR\"},{\"@type\":\"Organization\",\"@id\":\"https:\\\/\\\/www.signature87.com\\\/#organization\",\"name\":\"Signature 87\",\"url\":\"https:\\\/\\\/www.signature87.com\\\/\",\"logo\":{\"@type\":\"ImageObject\",\"inLanguage\":\"fr-FR\",\"@id\":\"https:\\\/\\\/www.signature87.com\\\/#\\\/schema\\\/logo\\\/image\\\/\",\"url\":\"https:\\\/\\\/www.signature87.com\\\/wp-content\\\/uploads\\\/2025\\\/04\\\/IMG_393jkoi2.png\",\"contentUrl\":\"https:\\\/\\\/www.signature87.com\\\/wp-content\\\/uploads\\\/2025\\\/04\\\/IMG_393jkoi2.png\",\"width\":1194,\"height\":630,\"caption\":\"Signature 87\"},\"image\":{\"@id\":\"https:\\\/\\\/www.signature87.com\\\/#\\\/schema\\\/logo\\\/image\\\/\"},\"sameAs\":[\"https:\\\/\\\/www.facebook.com\\\/people\\\/Boutique-Signature\\\/100080640503254\\\/\",\"https:\\\/\\\/www.instagram.com\\\/lacasaabuelita\\\/\"]}]}<\/script>\n<!-- \/ Yoast SEO plugin. -->","yoast_head_json":{"title":"Espace enfant - Signature","robots":{"index":"index","follow":"follow","max-snippet":"max-snippet:-1","max-image-preview":"max-image-preview:large","max-video-preview":"max-video-preview:-1"},"canonical":"https:\/\/www.signature87.com\/index.php\/espace-enfant\/","og_locale":"fr_FR","og_type":"article","og_title":"Espace enfant - Signature","og_description":"Un univers tout doux pour les petits Pour B\u00e9b\u00e9 Tout un espace lui est r\u00e9serv\u00e9 : capes de bain, ponchos, peignoirs, et bien s\u00fbr les incontournables doudous. Sacs \u00e0 langer, petits sacs \u00e0 dos et nombreux petits accessoires compl\u00e8tent la collection. Nos fauteuils metteurs en sc\u00e8ne Ils raviront vos petites stars, brod\u00e9s au pr\u00e9nom de [&hellip;]","og_url":"https:\/\/www.signature87.com\/index.php\/espace-enfant\/","og_site_name":"Signature","article_publisher":"https:\/\/www.facebook.com\/people\/Boutique-Signature\/100080640503254\/","article_modified_time":"2025-12-08T08:17:11+00:00","og_image":[{"url":"https:\/\/www.signature87.com\/wp-content\/uploads\/2025\/12\/PANEL-COULEURS-TOILE-2025-1024x715.png","type":"","width":"","height":""}],"twitter_card":"summary_large_image","twitter_misc":{"Dur\u00e9e de lecture estim\u00e9e":"1 minute"},"schema":{"@context":"https:\/\/schema.org","@graph":[{"@type":"WebPage","@id":"https:\/\/www.signature87.com\/index.php\/espace-enfant\/","url":"https:\/\/www.signature87.com\/index.php\/espace-enfant\/","name":"Espace enfant - Signature","isPartOf":{"@id":"https:\/\/www.signature87.com\/#website"},"primaryImageOfPage":{"@id":"https:\/\/www.signature87.com\/index.php\/espace-enfant\/#primaryimage"},"image":{"@id":"https:\/\/www.signature87.com\/index.php\/espace-enfant\/#primaryimage"},"thumbnailUrl":"https:\/\/www.signature87.com\/wp-content\/uploads\/2025\/12\/PANEL-COULEURS-TOILE-2025-1024x715.png","datePublished":"2025-04-25T09:01:07+00:00","dateModified":"2025-12-08T08:17:11+00:00","breadcrumb":{"@id":"https:\/\/www.signature87.com\/index.php\/espace-enfant\/#breadcrumb"},"inLanguage":"fr-FR","potentialAction":[{"@type":"ReadAction","target":["https:\/\/www.signature87.com\/index.php\/espace-enfant\/"]}]},{"@type":"ImageObject","inLanguage":"fr-FR","@id":"https:\/\/www.signature87.com\/index.php\/espace-enfant\/#primaryimage","url":"https:\/\/www.signature87.com\/wp-content\/uploads\/2025\/12\/PANEL-COULEURS-TOILE-2025.png","contentUrl":"https:\/\/www.signature87.com\/wp-content\/uploads\/2025\/12\/PANEL-COULEURS-TOILE-2025.png","width":1896,"height":1324},{"@type":"BreadcrumbList","@id":"https:\/\/www.signature87.com\/index.php\/espace-enfant\/#breadcrumb","itemListElement":[{"@type":"ListItem","position":1,"name":"Accueil","item":"https:\/\/www.signature87.com\/"},{"@type":"ListItem","position":2,"name":"Espace enfant"}]},{"@type":"WebSite","@id":"https:\/\/www.signature87.com\/#website","url":"https:\/\/www.signature87.com\/","name":"Signature 87","description":"","publisher":{"@id":"https:\/\/www.signature87.com\/#organization"},"potentialAction":[{"@type":"SearchAction","target":{"@type":"EntryPoint","urlTemplate":"https:\/\/www.signature87.com\/?s={search_term_string}"},"query-input":{"@type":"PropertyValueSpecification","valueRequired":true,"valueName":"search_term_string"}}],"inLanguage":"fr-FR"},{"@type":"Organization","@id":"https:\/\/www.signature87.com\/#organization","name":"Signature 87","url":"https:\/\/www.signature87.com\/","logo":{"@type":"ImageObject","inLanguage":"fr-FR","@id":"https:\/\/www.signature87.com\/#\/schema\/logo\/image\/","url":"https:\/\/www.signature87.com\/wp-content\/uploads\/2025\/04\/IMG_393jkoi2.png","contentUrl":"https:\/\/www.signature87.com\/wp-content\/uploads\/2025\/04\/IMG_393jkoi2.png","width":1194,"height":630,"caption":"Signature 87"},"image":{"@id":"https:\/\/www.signature87.com\/#\/schema\/logo\/image\/"},"sameAs":["https:\/\/www.facebook.com\/people\/Boutique-Signature\/100080640503254\/","https:\/\/www.instagram.com\/lacasaabuelita\/"]}]}},"_links":{"self":[{"href":"https:\/\/www.signature87.com\/index.php\/wp-json\/wp\/v2\/pages\/224","targetHints":{"allow":["GET"]}}],"collection":[{"href":"https:\/\/www.signature87.com\/index.php\/wp-json\/wp\/v2\/pages"}],"about":[{"href":"https:\/\/www.signature87.com\/index.php\/wp-json\/wp\/v2\/types\/page"}],"author":[{"embeddable":true,"href":"https:\/\/www.signature87.com\/index.php\/wp-json\/wp\/v2\/users\/3"}],"replies":[{"embeddable":true,"href":"https:\/\/www.signature87.com\/index.php\/wp-json\/wp\/v2\/comments?post=224"}],"version-history":[{"count":9,"href":"https:\/\/www.signature87.com\/index.php\/wp-json\/wp\/v2\/pages\/224\/revisions"}],"predecessor-version":[{"id":1028,"href":"https:\/\/www.signature87.com\/index.php\/wp-json\/wp\/v2\/pages\/224\/revisions\/1028"}],"wp:attachment":[{"href":"https:\/\/www.signature87.com\/index.php\/wp-json\/wp\/v2\/media?parent=224"}],"curies":[{"name":"wp","href":"https:\/\/api.w.org\/{rel}","templated":true}]}}