{"id":138,"date":"2025-04-18T16:40:27","date_gmt":"2025-04-18T14:40:27","guid":{"rendered":"http:\/\/geurapz.cluster100.hosting.ovh.net\/?page_id=138"},"modified":"2025-06-03T11:06:14","modified_gmt":"2025-06-03T09:06:14","slug":"linge-de-lit-bain","status":"publish","type":"page","link":"https:\/\/www.signature87.com\/index.php\/linge-de-lit-bain\/","title":{"rendered":"Linge de Maison"},"content":{"rendered":"\t\t<div data-elementor-type=\"wp-page\" data-elementor-id=\"138\" class=\"elementor elementor-138\">\n\t\t\t\t<div class=\"elementor-element elementor-element-c2cc7d7 e-flex e-con-boxed e-con e-parent\" data-id=\"c2cc7d7\" data-element_type=\"container\" data-e-type=\"container\">\n\t\t\t\t\t<div class=\"e-con-inner\">\n\t\t\t\t<div class=\"elementor-element elementor-element-3497a85 elementor-hidden-mobile elementor-widget elementor-widget-spacer\" data-id=\"3497a85\" data-element_type=\"widget\" data-e-type=\"widget\" data-widget_type=\"spacer.default\">\n\t\t\t\t<div class=\"elementor-widget-container\">\n\t\t\t\t\t\t\t<div class=\"elementor-spacer\">\n\t\t\t<div class=\"elementor-spacer-inner\"><\/div>\n\t\t<\/div>\n\t\t\t\t\t\t<\/div>\n\t\t\t\t<\/div>\n\t\t\t\t<div class=\"elementor-element elementor-element-86e0752 elementor-widget elementor-widget-heading\" data-id=\"86e0752\" data-element_type=\"widget\" data-e-type=\"widget\" data-widget_type=\"heading.default\">\n\t\t\t\t<div class=\"elementor-widget-container\">\n\t\t\t\t\t<h2 class=\"elementor-heading-title elementor-size-default\">Le Linge de Maison<\/h2>\t\t\t\t<\/div>\n\t\t\t\t<\/div>\n\t\t\t\t<div class=\"elementor-element elementor-element-beeb393 elementor-widget__width-inherit elementor-widget elementor-widget-image\" data-id=\"beeb393\" data-element_type=\"widget\" data-e-type=\"widget\" data-widget_type=\"image.default\">\n\t\t\t\t<div class=\"elementor-widget-container\">\n\t\t\t\t\t\t\t\t\t\t\t\t\t\t\t<img decoding=\"async\" width=\"150\" height=\"150\" src=\"https:\/\/www.signature87.com\/wp-content\/uploads\/2025\/06\/logo-eco-responsable-150x150.png\" class=\"attachment-thumbnail size-thumbnail wp-image-569\" alt=\"\" srcset=\"https:\/\/www.signature87.com\/wp-content\/uploads\/2025\/06\/logo-eco-responsable-150x150.png 150w, https:\/\/www.signature87.com\/wp-content\/uploads\/2025\/06\/logo-eco-responsable-300x300.png 300w, https:\/\/www.signature87.com\/wp-content\/uploads\/2025\/06\/elementor\/thumbs\/logo-eco-responsable-r6pi1j2ul0bvmr8f7v6pwvgwbc87vwjv7x6ovxfp0w.png 88w, https:\/\/www.signature87.com\/wp-content\/uploads\/2025\/06\/logo-eco-responsable.png 398w\" sizes=\"(max-width: 150px) 100vw, 150px\" \/>\t\t\t\t\t\t\t\t\t\t\t\t\t\t\t<\/div>\n\t\t\t\t<\/div>\n\t\t\t\t\t<\/div>\n\t\t\t\t<\/div>\n\t\t<div class=\"elementor-element elementor-element-e4407ea e-con-full e-flex elementor-invisible e-con e-parent\" data-id=\"e4407ea\" data-element_type=\"container\" data-e-type=\"container\" data-settings=\"{&quot;animation&quot;:&quot;fadeInLeft&quot;}\">\n\t\t<div class=\"elementor-element elementor-element-b6a5549 e-con-full e-flex e-con e-child\" data-id=\"b6a5549\" data-element_type=\"container\" data-e-type=\"container\" data-settings=\"{&quot;background_background&quot;:&quot;classic&quot;}\">\n\t\t\t\t<div class=\"elementor-element elementor-element-30b76bb elementor-widget__width-initial elementor-widget elementor-widget-text-editor\" data-id=\"30b76bb\" data-element_type=\"widget\" data-e-type=\"widget\" data-widget_type=\"text-editor.default\">\n\t\t\t\t<div class=\"elementor-widget-container\">\n\t\t\t\t\t\t\t\t\t<p style=\"text-align: center;\"><span style=\"color: #000000;\">Le Linge de Lit<\/span><\/p><p><span style=\"color: #000000;\">C&rsquo;est autour des plus grandes marques Fran\u00e7aises de linge de lit, Yves Delorme, Anne de Sol\u00e8ne, Le Jacquard Fran\u00e7ais et Olivier Desforges, que la transmission de l&rsquo;amour du beau linge se r\u00e9alisera naturellement au c\u0153ur de cette boutique de charme. Entre collections nouvelles ou intemporelles, une large gamme s&rsquo;offre \u00e0 vous, d\u00e9clin\u00e9e dans diff\u00e9rentes mati\u00e8res comme le lin, la percale de coton, le satin, le nid d&rsquo;abeille, ou encore le coton lav\u00e9 !<\/span><\/p><p><span style=\"color: #000000;\">Une v\u00e9ritable source d&rsquo;inspiration qui saura s&rsquo;adapter \u00e0 votre d\u00e9coration en vous proposant un large choix de plaid, couverture, coussin, chemin et couvre-lit&#8230; Sans oublier une gamme de couettes et oreillers plumes et microfibres.<\/span><\/p><p><span style=\"color: #000000;\">Et pour prolonger le confort jusque dans vos moments de d\u00e9tente, d\u00e9couvrez \u00e9galement notre s\u00e9lection de pyjamas, chemises de nuit et robes de chambre, alliant \u00e9l\u00e9gance et douceur.<\/span><\/p>\t\t\t\t\t\t\t\t<\/div>\n\t\t\t\t<\/div>\n\t\t\t\t<\/div>\n\t\t<div class=\"elementor-element elementor-element-2620465 e-con-full e-flex e-con e-child\" data-id=\"2620465\" data-element_type=\"container\" data-e-type=\"container\" data-settings=\"{&quot;background_background&quot;:&quot;slideshow&quot;,&quot;background_slideshow_gallery&quot;:[{&quot;id&quot;:185,&quot;url&quot;:&quot;https:\\\/\\\/www.signature87.com\\\/wp-content\\\/uploads\\\/2025\\\/04\\\/IMG_3841-scaled.png&quot;},{&quot;id&quot;:125,&quot;url&quot;:&quot;https:\\\/\\\/www.signature87.com\\\/wp-content\\\/uploads\\\/2025\\\/04\\\/IMG_3855-scaled.png&quot;},{&quot;id&quot;:122,&quot;url&quot;:&quot;https:\\\/\\\/www.signature87.com\\\/wp-content\\\/uploads\\\/2025\\\/04\\\/IMG_3931-scaled.png&quot;},{&quot;id&quot;:151,&quot;url&quot;:&quot;https:\\\/\\\/www.signature87.com\\\/wp-content\\\/uploads\\\/2025\\\/04\\\/IMG_3918-scaled.png&quot;}],&quot;background_slideshow_transition_duration&quot;:1500,&quot;background_slideshow_ken_burns&quot;:&quot;yes&quot;,&quot;background_slideshow_loop&quot;:&quot;yes&quot;,&quot;background_slideshow_slide_duration&quot;:5000,&quot;background_slideshow_slide_transition&quot;:&quot;fade&quot;,&quot;background_slideshow_ken_burns_zoom_direction&quot;:&quot;in&quot;}\">\n\t\t\t\t<\/div>\n\t\t\t\t<\/div>\n\t\t<div class=\"elementor-element elementor-element-8917109 e-con-full e-flex elementor-invisible e-con e-parent\" data-id=\"8917109\" data-element_type=\"container\" data-e-type=\"container\" data-settings=\"{&quot;animation&quot;:&quot;fadeInRight&quot;}\">\n\t\t<div class=\"elementor-element elementor-element-35bedf6 e-con-full e-flex e-con e-child\" data-id=\"35bedf6\" data-element_type=\"container\" data-e-type=\"container\" data-settings=\"{&quot;background_background&quot;:&quot;classic&quot;}\">\n\t\t\t\t<div class=\"elementor-element elementor-element-3b64311 elementor-widget__width-initial elementor-widget elementor-widget-text-editor\" data-id=\"3b64311\" data-element_type=\"widget\" data-e-type=\"widget\" data-widget_type=\"text-editor.default\">\n\t\t\t\t<div class=\"elementor-widget-container\">\n\t\t\t\t\t\t\t\t\t<p style=\"text-align: center;\"><span style=\"color: #000000;\">Le Linge de Bain<\/span><\/p><p><span style=\"color: #000000;\">Peignoirs homme-femme-enfant, nos marques <em data-start=\"157\" data-end=\"176\">Olivier Desforges<\/em> et <em data-start=\"180\" data-end=\"194\">Yves Delorme<\/em>, d\u00e9clin\u00e9s en plusieurs tailles, motifs, coupes et couleurs. Un large choix de serviettes assorties, qui peuvent aussi \u00eatre personnalis\u00e9es avec une broderie.<\/span><\/p>\t\t\t\t\t\t\t\t<\/div>\n\t\t\t\t<\/div>\n\t\t\t\t<\/div>\n\t\t<div class=\"elementor-element elementor-element-b766d09 e-con-full e-flex e-con e-child\" data-id=\"b766d09\" data-element_type=\"container\" data-e-type=\"container\" data-settings=\"{&quot;background_background&quot;:&quot;slideshow&quot;,&quot;background_slideshow_gallery&quot;:[{&quot;id&quot;:161,&quot;url&quot;:&quot;https:\\\/\\\/www.signature87.com\\\/wp-content\\\/uploads\\\/2025\\\/04\\\/IMG_3910-scaled.png&quot;},{&quot;id&quot;:134,&quot;url&quot;:&quot;https:\\\/\\\/www.signature87.com\\\/wp-content\\\/uploads\\\/2025\\\/04\\\/IMG_3876-scaled.png&quot;},{&quot;id&quot;:130,&quot;url&quot;:&quot;https:\\\/\\\/www.signature87.com\\\/wp-content\\\/uploads\\\/2025\\\/04\\\/IMG_3871-scaled.png&quot;},{&quot;id&quot;:146,&quot;url&quot;:&quot;https:\\\/\\\/www.signature87.com\\\/wp-content\\\/uploads\\\/2025\\\/04\\\/IMG_3885-scaled.png&quot;}],&quot;background_slideshow_transition_duration&quot;:1500,&quot;background_slideshow_ken_burns&quot;:&quot;yes&quot;,&quot;background_slideshow_loop&quot;:&quot;yes&quot;,&quot;background_slideshow_slide_duration&quot;:5000,&quot;background_slideshow_slide_transition&quot;:&quot;fade&quot;,&quot;background_slideshow_ken_burns_zoom_direction&quot;:&quot;in&quot;}\">\n\t\t\t\t<\/div>\n\t\t\t\t<\/div>\n\t\t<div class=\"elementor-element elementor-element-8c80b87 e-con-full e-flex elementor-invisible e-con e-parent\" data-id=\"8c80b87\" data-element_type=\"container\" data-e-type=\"container\" data-settings=\"{&quot;animation&quot;:&quot;fadeInLeft&quot;}\">\n\t\t<div class=\"elementor-element elementor-element-8a392a9 e-con-full e-flex e-con e-child\" data-id=\"8a392a9\" data-element_type=\"container\" data-e-type=\"container\" data-settings=\"{&quot;background_background&quot;:&quot;classic&quot;}\">\n\t\t\t\t<div class=\"elementor-element elementor-element-ba3bbc6 elementor-widget__width-initial elementor-widget elementor-widget-text-editor\" data-id=\"ba3bbc6\" data-element_type=\"widget\" data-e-type=\"widget\" data-widget_type=\"text-editor.default\">\n\t\t\t\t<div class=\"elementor-widget-container\">\n\t\t\t\t\t\t\t\t\t<p style=\"text-align: center;\"><span style=\"color: #000000;\">Le Linge de Table<\/span><\/p><p><span style=\"color: #000000;\">Torchons, nappes, serviettes et set de table de la marque Le Jacquard Fran\u00e7ais, Sylvie Thiriez et Nydel France vous sont pr\u00e9sent\u00e9s dans un espace clair et lumineux.<\/span><\/p><p><span style=\"color: #000000;\">Le linge de maison tendance et de qualit\u00e9 est au rendez-vous, accompagn\u00e9 de nombreux accessoires pour sublimer votre int\u00e9rieur. Tout cela avec l&rsquo;aimable accueil et les bons conseils de Jenny.<\/span><\/p>\t\t\t\t\t\t\t\t<\/div>\n\t\t\t\t<\/div>\n\t\t\t\t<\/div>\n\t\t<div class=\"elementor-element elementor-element-6516c07 e-con-full e-flex e-con e-child\" data-id=\"6516c07\" data-element_type=\"container\" data-e-type=\"container\" data-settings=\"{&quot;background_background&quot;:&quot;slideshow&quot;,&quot;background_slideshow_gallery&quot;:[{&quot;id&quot;:129,&quot;url&quot;:&quot;https:\\\/\\\/www.signature87.com\\\/wp-content\\\/uploads\\\/2025\\\/04\\\/IMG_3867-scaled.png&quot;},{&quot;id&quot;:211,&quot;url&quot;:&quot;https:\\\/\\\/www.signature87.com\\\/wp-content\\\/uploads\\\/2025\\\/04\\\/IMG_38\\u00b567.png&quot;},{&quot;id&quot;:210,&quot;url&quot;:&quot;https:\\\/\\\/www.signature87.com\\\/wp-content\\\/uploads\\\/2025\\\/04\\\/IMG_386M6.png&quot;},{&quot;id&quot;:642,&quot;url&quot;:&quot;https:\\\/\\\/www.signature87.com\\\/wp-content\\\/uploads\\\/2025\\\/06\\\/IMG_xx3867.png&quot;},{&quot;id&quot;:641,&quot;url&quot;:&quot;https:\\\/\\\/www.signature87.com\\\/wp-content\\\/uploads\\\/2025\\\/06\\\/IMG_xx3866.png&quot;}],&quot;background_slideshow_transition_duration&quot;:1500,&quot;background_slideshow_ken_burns&quot;:&quot;yes&quot;,&quot;background_slideshow_loop&quot;:&quot;yes&quot;,&quot;background_slideshow_slide_duration&quot;:5000,&quot;background_slideshow_slide_transition&quot;:&quot;fade&quot;,&quot;background_slideshow_ken_burns_zoom_direction&quot;:&quot;in&quot;}\">\n\t\t\t\t<\/div>\n\t\t\t\t<\/div>\n\t\t\t\t<\/div>\n\t\t","protected":false},"excerpt":{"rendered":"<p>Le Linge de Maison Le Linge de Lit C&rsquo;est autour des plus grandes marques Fran\u00e7aises de linge de lit, Yves Delorme, Anne de Sol\u00e8ne, Le Jacquard Fran\u00e7ais et Olivier Desforges, que la transmission de l&rsquo;amour du beau linge se r\u00e9alisera naturellement au c\u0153ur de cette boutique de charme. Entre collections nouvelles ou intemporelles, une large [&hellip;]<\/p>\n","protected":false},"author":3,"featured_media":0,"parent":0,"menu_order":0,"comment_status":"closed","ping_status":"closed","template":"","meta":{"footnotes":""},"class_list":["post-138","page","type-page","status-publish","hentry"],"yoast_head":"<!-- This site is optimized with the Yoast SEO plugin v27.4 - https:\/\/yoast.com\/product\/yoast-seo-wordpress\/ -->\n<title>Linge de Maison - Signature<\/title>\n<meta name=\"robots\" content=\"index, follow, max-snippet:-1, max-image-preview:large, max-video-preview:-1\" \/>\n<link rel=\"canonical\" href=\"https:\/\/www.signature87.com\/index.php\/linge-de-lit-bain\/\" \/>\n<meta property=\"og:locale\" content=\"fr_FR\" \/>\n<meta property=\"og:type\" content=\"article\" \/>\n<meta property=\"og:title\" content=\"Linge de Maison - Signature\" \/>\n<meta property=\"og:description\" content=\"Le Linge de Maison Le Linge de Lit C&rsquo;est autour des plus grandes marques Fran\u00e7aises de linge de lit, Yves Delorme, Anne de Sol\u00e8ne, Le Jacquard Fran\u00e7ais et Olivier Desforges, que la transmission de l&rsquo;amour du beau linge se r\u00e9alisera naturellement au c\u0153ur de cette boutique de charme. Entre collections nouvelles ou intemporelles, une large [&hellip;]\" \/>\n<meta property=\"og:url\" content=\"https:\/\/www.signature87.com\/index.php\/linge-de-lit-bain\/\" \/>\n<meta property=\"og:site_name\" content=\"Signature\" \/>\n<meta property=\"article:publisher\" content=\"https:\/\/www.facebook.com\/people\/Boutique-Signature\/100080640503254\/\" \/>\n<meta property=\"article:modified_time\" content=\"2025-06-03T09:06:14+00:00\" \/>\n<meta property=\"og:image\" content=\"http:\/\/geurapz.cluster100.hosting.ovh.net\/wp-content\/uploads\/2025\/06\/logo-eco-responsable-150x150.png\" \/>\n<meta name=\"twitter:card\" content=\"summary_large_image\" \/>\n<meta name=\"twitter:label1\" content=\"Dur\u00e9e de lecture estim\u00e9e\" \/>\n\t<meta name=\"twitter:data1\" content=\"1 minute\" \/>\n<script type=\"application\/ld+json\" class=\"yoast-schema-graph\">{\"@context\":\"https:\\\/\\\/schema.org\",\"@graph\":[{\"@type\":\"WebPage\",\"@id\":\"https:\\\/\\\/www.signature87.com\\\/index.php\\\/linge-de-lit-bain\\\/\",\"url\":\"https:\\\/\\\/www.signature87.com\\\/index.php\\\/linge-de-lit-bain\\\/\",\"name\":\"Linge de Maison - Signature\",\"isPartOf\":{\"@id\":\"https:\\\/\\\/www.signature87.com\\\/#website\"},\"primaryImageOfPage\":{\"@id\":\"https:\\\/\\\/www.signature87.com\\\/index.php\\\/linge-de-lit-bain\\\/#primaryimage\"},\"image\":{\"@id\":\"https:\\\/\\\/www.signature87.com\\\/index.php\\\/linge-de-lit-bain\\\/#primaryimage\"},\"thumbnailUrl\":\"http:\\\/\\\/geurapz.cluster100.hosting.ovh.net\\\/wp-content\\\/uploads\\\/2025\\\/06\\\/logo-eco-responsable-150x150.png\",\"datePublished\":\"2025-04-18T14:40:27+00:00\",\"dateModified\":\"2025-06-03T09:06:14+00:00\",\"breadcrumb\":{\"@id\":\"https:\\\/\\\/www.signature87.com\\\/index.php\\\/linge-de-lit-bain\\\/#breadcrumb\"},\"inLanguage\":\"fr-FR\",\"potentialAction\":[{\"@type\":\"ReadAction\",\"target\":[\"https:\\\/\\\/www.signature87.com\\\/index.php\\\/linge-de-lit-bain\\\/\"]}]},{\"@type\":\"ImageObject\",\"inLanguage\":\"fr-FR\",\"@id\":\"https:\\\/\\\/www.signature87.com\\\/index.php\\\/linge-de-lit-bain\\\/#primaryimage\",\"url\":\"http:\\\/\\\/geurapz.cluster100.hosting.ovh.net\\\/wp-content\\\/uploads\\\/2025\\\/06\\\/logo-eco-responsable-150x150.png\",\"contentUrl\":\"http:\\\/\\\/geurapz.cluster100.hosting.ovh.net\\\/wp-content\\\/uploads\\\/2025\\\/06\\\/logo-eco-responsable-150x150.png\"},{\"@type\":\"BreadcrumbList\",\"@id\":\"https:\\\/\\\/www.signature87.com\\\/index.php\\\/linge-de-lit-bain\\\/#breadcrumb\",\"itemListElement\":[{\"@type\":\"ListItem\",\"position\":1,\"name\":\"Accueil\",\"item\":\"https:\\\/\\\/www.signature87.com\\\/\"},{\"@type\":\"ListItem\",\"position\":2,\"name\":\"Linge de Maison\"}]},{\"@type\":\"WebSite\",\"@id\":\"https:\\\/\\\/www.signature87.com\\\/#website\",\"url\":\"https:\\\/\\\/www.signature87.com\\\/\",\"name\":\"Signature 87\",\"description\":\"\",\"publisher\":{\"@id\":\"https:\\\/\\\/www.signature87.com\\\/#organization\"},\"potentialAction\":[{\"@type\":\"SearchAction\",\"target\":{\"@type\":\"EntryPoint\",\"urlTemplate\":\"https:\\\/\\\/www.signature87.com\\\/?s={search_term_string}\"},\"query-input\":{\"@type\":\"PropertyValueSpecification\",\"valueRequired\":true,\"valueName\":\"search_term_string\"}}],\"inLanguage\":\"fr-FR\"},{\"@type\":\"Organization\",\"@id\":\"https:\\\/\\\/www.signature87.com\\\/#organization\",\"name\":\"Signature 87\",\"url\":\"https:\\\/\\\/www.signature87.com\\\/\",\"logo\":{\"@type\":\"ImageObject\",\"inLanguage\":\"fr-FR\",\"@id\":\"https:\\\/\\\/www.signature87.com\\\/#\\\/schema\\\/logo\\\/image\\\/\",\"url\":\"https:\\\/\\\/www.signature87.com\\\/wp-content\\\/uploads\\\/2025\\\/04\\\/IMG_393jkoi2.png\",\"contentUrl\":\"https:\\\/\\\/www.signature87.com\\\/wp-content\\\/uploads\\\/2025\\\/04\\\/IMG_393jkoi2.png\",\"width\":1194,\"height\":630,\"caption\":\"Signature 87\"},\"image\":{\"@id\":\"https:\\\/\\\/www.signature87.com\\\/#\\\/schema\\\/logo\\\/image\\\/\"},\"sameAs\":[\"https:\\\/\\\/www.facebook.com\\\/people\\\/Boutique-Signature\\\/100080640503254\\\/\",\"https:\\\/\\\/www.instagram.com\\\/lacasaabuelita\\\/\"]}]}<\/script>\n<!-- \/ Yoast SEO plugin. -->","yoast_head_json":{"title":"Linge de Maison - Signature","robots":{"index":"index","follow":"follow","max-snippet":"max-snippet:-1","max-image-preview":"max-image-preview:large","max-video-preview":"max-video-preview:-1"},"canonical":"https:\/\/www.signature87.com\/index.php\/linge-de-lit-bain\/","og_locale":"fr_FR","og_type":"article","og_title":"Linge de Maison - Signature","og_description":"Le Linge de Maison Le Linge de Lit C&rsquo;est autour des plus grandes marques Fran\u00e7aises de linge de lit, Yves Delorme, Anne de Sol\u00e8ne, Le Jacquard Fran\u00e7ais et Olivier Desforges, que la transmission de l&rsquo;amour du beau linge se r\u00e9alisera naturellement au c\u0153ur de cette boutique de charme. Entre collections nouvelles ou intemporelles, une large [&hellip;]","og_url":"https:\/\/www.signature87.com\/index.php\/linge-de-lit-bain\/","og_site_name":"Signature","article_publisher":"https:\/\/www.facebook.com\/people\/Boutique-Signature\/100080640503254\/","article_modified_time":"2025-06-03T09:06:14+00:00","og_image":[{"url":"http:\/\/geurapz.cluster100.hosting.ovh.net\/wp-content\/uploads\/2025\/06\/logo-eco-responsable-150x150.png","type":"","width":"","height":""}],"twitter_card":"summary_large_image","twitter_misc":{"Dur\u00e9e de lecture estim\u00e9e":"1 minute"},"schema":{"@context":"https:\/\/schema.org","@graph":[{"@type":"WebPage","@id":"https:\/\/www.signature87.com\/index.php\/linge-de-lit-bain\/","url":"https:\/\/www.signature87.com\/index.php\/linge-de-lit-bain\/","name":"Linge de Maison - Signature","isPartOf":{"@id":"https:\/\/www.signature87.com\/#website"},"primaryImageOfPage":{"@id":"https:\/\/www.signature87.com\/index.php\/linge-de-lit-bain\/#primaryimage"},"image":{"@id":"https:\/\/www.signature87.com\/index.php\/linge-de-lit-bain\/#primaryimage"},"thumbnailUrl":"http:\/\/geurapz.cluster100.hosting.ovh.net\/wp-content\/uploads\/2025\/06\/logo-eco-responsable-150x150.png","datePublished":"2025-04-18T14:40:27+00:00","dateModified":"2025-06-03T09:06:14+00:00","breadcrumb":{"@id":"https:\/\/www.signature87.com\/index.php\/linge-de-lit-bain\/#breadcrumb"},"inLanguage":"fr-FR","potentialAction":[{"@type":"ReadAction","target":["https:\/\/www.signature87.com\/index.php\/linge-de-lit-bain\/"]}]},{"@type":"ImageObject","inLanguage":"fr-FR","@id":"https:\/\/www.signature87.com\/index.php\/linge-de-lit-bain\/#primaryimage","url":"http:\/\/geurapz.cluster100.hosting.ovh.net\/wp-content\/uploads\/2025\/06\/logo-eco-responsable-150x150.png","contentUrl":"http:\/\/geurapz.cluster100.hosting.ovh.net\/wp-content\/uploads\/2025\/06\/logo-eco-responsable-150x150.png"},{"@type":"BreadcrumbList","@id":"https:\/\/www.signature87.com\/index.php\/linge-de-lit-bain\/#breadcrumb","itemListElement":[{"@type":"ListItem","position":1,"name":"Accueil","item":"https:\/\/www.signature87.com\/"},{"@type":"ListItem","position":2,"name":"Linge de Maison"}]},{"@type":"WebSite","@id":"https:\/\/www.signature87.com\/#website","url":"https:\/\/www.signature87.com\/","name":"Signature 87","description":"","publisher":{"@id":"https:\/\/www.signature87.com\/#organization"},"potentialAction":[{"@type":"SearchAction","target":{"@type":"EntryPoint","urlTemplate":"https:\/\/www.signature87.com\/?s={search_term_string}"},"query-input":{"@type":"PropertyValueSpecification","valueRequired":true,"valueName":"search_term_string"}}],"inLanguage":"fr-FR"},{"@type":"Organization","@id":"https:\/\/www.signature87.com\/#organization","name":"Signature 87","url":"https:\/\/www.signature87.com\/","logo":{"@type":"ImageObject","inLanguage":"fr-FR","@id":"https:\/\/www.signature87.com\/#\/schema\/logo\/image\/","url":"https:\/\/www.signature87.com\/wp-content\/uploads\/2025\/04\/IMG_393jkoi2.png","contentUrl":"https:\/\/www.signature87.com\/wp-content\/uploads\/2025\/04\/IMG_393jkoi2.png","width":1194,"height":630,"caption":"Signature 87"},"image":{"@id":"https:\/\/www.signature87.com\/#\/schema\/logo\/image\/"},"sameAs":["https:\/\/www.facebook.com\/people\/Boutique-Signature\/100080640503254\/","https:\/\/www.instagram.com\/lacasaabuelita\/"]}]}},"_links":{"self":[{"href":"https:\/\/www.signature87.com\/index.php\/wp-json\/wp\/v2\/pages\/138","targetHints":{"allow":["GET"]}}],"collection":[{"href":"https:\/\/www.signature87.com\/index.php\/wp-json\/wp\/v2\/pages"}],"about":[{"href":"https:\/\/www.signature87.com\/index.php\/wp-json\/wp\/v2\/types\/page"}],"author":[{"embeddable":true,"href":"https:\/\/www.signature87.com\/index.php\/wp-json\/wp\/v2\/users\/3"}],"replies":[{"embeddable":true,"href":"https:\/\/www.signature87.com\/index.php\/wp-json\/wp\/v2\/comments?post=138"}],"version-history":[{"count":0,"href":"https:\/\/www.signature87.com\/index.php\/wp-json\/wp\/v2\/pages\/138\/revisions"}],"wp:attachment":[{"href":"https:\/\/www.signature87.com\/index.php\/wp-json\/wp\/v2\/media?parent=138"}],"curies":[{"name":"wp","href":"https:\/\/api.w.org\/{rel}","templated":true}]}}